{"id":7839,"date":"2021-09-10T19:41:56","date_gmt":"2021-09-11T01:41:56","guid":{"rendered":"https:\/\/funpadem.org\/?page_id=7839"},"modified":"2022-02-24T18:57:34","modified_gmt":"2022-02-25T00:57:34","slug":"america-del-sur","status":"publish","type":"page","link":"https:\/\/funpadem.org\/index.php\/america-del-sur\/","title":{"rendered":"Am\u00e9rica del Sur"},"content":{"rendered":"\t\t<div data-elementor-type=\"wp-page\" data-elementor-id=\"7839\" class=\"elementor elementor-7839\" data-elementor-post-type=\"page\">\n\t\t\t\t\t\t<section class=\"elementor-section elementor-top-section elementor-element elementor-element-62d1053 elementor-section-stretched elementor-section-boxed elementor-section-height-default elementor-section-height-default\" data-id=\"62d1053\" data-element_type=\"section\" data-settings=\"{&quot;stretch_section&quot;:&quot;section-stretched&quot;}\">\n\t\t\t\t\t\t<div class=\"elementor-container elementor-column-gap-default\">\n\t\t\t\t\t<div class=\"elementor-column elementor-col-100 elementor-top-column elementor-element elementor-element-215f40d\" data-id=\"215f40d\" data-element_type=\"column\">\n\t\t\t<div class=\"elementor-widget-wrap elementor-element-populated\">\n\t\t\t\t\t\t<div class=\"elementor-element elementor-element-1a2a9b4 elementor-widget elementor-widget-template\" data-id=\"1a2a9b4\" data-element_type=\"widget\" data-widget_type=\"template.default\">\n\t\t\t\t<div class=\"elementor-widget-container\">\n\t\t\t\t\t\t\t<div class=\"elementor-template\">\n\t\t\t\t\t<div data-elementor-type=\"section\" data-elementor-id=\"7703\" class=\"elementor elementor-7703\" data-elementor-post-type=\"elementor_library\">\n\t\t\t\t\t<section class=\"elementor-section elementor-top-section elementor-element elementor-element-712e00ef elementor-section-content-middle elementor-section-boxed elementor-section-height-default elementor-section-height-default\" data-id=\"712e00ef\" data-element_type=\"section\" data-settings=\"{&quot;background_background&quot;:&quot;classic&quot;}\">\n\t\t\t\t\t\t<div class=\"elementor-container elementor-column-gap-default\">\n\t\t\t\t\t<div class=\"elementor-column elementor-col-100 elementor-top-column elementor-element elementor-element-69f616de elementor-hidden-phone elementor-hidden-tablet\" data-id=\"69f616de\" data-element_type=\"column\">\n\t\t\t<div class=\"elementor-widget-wrap elementor-element-populated\">\n\t\t\t\t\t\t<div class=\"elementor-element elementor-element-d376eba elementor-widget elementor-widget-heading\" data-id=\"d376eba\" data-element_type=\"widget\" data-widget_type=\"heading.default\">\n\t\t\t\t<div class=\"elementor-widget-container\">\n\t\t\t\t\t<h2 class=\"elementor-heading-title elementor-size-default\">Proyectos<\/h2>\t\t\t\t<\/div>\n\t\t\t\t<\/div>\n\t\t\t\t\t<\/div>\n\t\t<\/div>\n\t\t\t\t\t<\/div>\n\t\t<\/section>\n\t\t\t\t<section class=\"elementor-section elementor-top-section elementor-element elementor-element-6a83ab71 elementor-section-content-middle elementor-section-boxed elementor-section-height-default elementor-section-height-default\" data-id=\"6a83ab71\" data-element_type=\"section\">\n\t\t\t\t\t\t<div class=\"elementor-container elementor-column-gap-default\">\n\t\t\t\t\t<div class=\"elementor-column elementor-col-100 elementor-top-column elementor-element elementor-element-4a596652\" data-id=\"4a596652\" data-element_type=\"column\">\n\t\t\t<div class=\"elementor-widget-wrap elementor-element-populated\">\n\t\t\t\t\t\t<section class=\"elementor-section elementor-inner-section elementor-element elementor-element-401376e4 elementor-section-content-middle elementor-section-boxed elementor-section-height-default elementor-section-height-default\" data-id=\"401376e4\" data-element_type=\"section\" data-settings=\"{&quot;background_background&quot;:&quot;classic&quot;}\">\n\t\t\t\t\t\t<div class=\"elementor-container elementor-column-gap-default\">\n\t\t\t\t\t<div class=\"elementor-column elementor-col-100 elementor-inner-column elementor-element elementor-element-7743ff08\" data-id=\"7743ff08\" data-element_type=\"column\">\n\t\t\t<div class=\"elementor-widget-wrap elementor-element-populated\">\n\t\t\t\t\t\t<div class=\"elementor-element elementor-element-b35ce41 elementor-widget elementor-widget-ekit-nav-menu\" data-id=\"b35ce41\" data-element_type=\"widget\" data-widget_type=\"ekit-nav-menu.default\">\n\t\t\t\t<div class=\"elementor-widget-container\">\n\t\t\t\t\t\t\t<nav class=\"ekit-wid-con ekit_menu_responsive_tablet\" \n\t\t\tdata-hamburger-icon=\"icon icon-menu-11\" \n\t\t\tdata-hamburger-icon-type=\"icon\" \n\t\t\tdata-responsive-breakpoint=\"1024\">\n\t\t\t            <button class=\"elementskit-menu-hamburger elementskit-menu-toggler\"  type=\"button\" aria-label=\"hamburger-icon\">\n                <i aria-hidden=\"true\" class=\"ekit-menu-icon icon icon-menu-11\"><\/i>            <\/button>\n            <div id=\"ekit-megamenu-filtros\" class=\"elementskit-menu-container elementskit-menu-offcanvas-elements elementskit-navbar-nav-default ekit-nav-menu-one-page-no ekit-nav-dropdown-hover\"><ul id=\"menu-filtros\" class=\"elementskit-navbar-nav elementskit-menu-po-center submenu-click-on-icon\"><li id=\"menu-item-7723\" class=\"menu-item menu-item-type-custom menu-item-object-custom menu-item-7723 nav-item elementskit-mobile-builder-content\" data-vertical-menu=750px><a href=\"https:\/\/funpadem.org\/index.php\/proyectos\/\" class=\"ekit-menu-nav-link\">Todos los Proyectos<\/a><\/li>\n<li id=\"menu-item-9561\" class=\"menu-item menu-item-type-post_type menu-item-object-page menu-item-9561 nav-item elementskit-mobile-builder-content\" data-vertical-menu=750px><a href=\"https:\/\/funpadem.org\/index.php\/enejecucion\/\" class=\"ekit-menu-nav-link\">En ejecuci\u00f3n<div class=\"icon-wrapper\"> <\/div><\/a><\/li>\n<li id=\"menu-item-7720\" class=\"menu-item menu-item-type-custom menu-item-object-custom menu-item-has-children menu-item-7720 nav-item elementskit-dropdown-has relative_position elementskit-dropdown-menu-default_width elementskit-mobile-builder-content\" data-vertical-menu=750px><a href=\"#\" class=\"ekit-menu-nav-link ekit-menu-dropdown-toggle\">A\u00f1os<i aria-hidden=\"true\" class=\"icon icon-down-arrow1 elementskit-submenu-indicator\"><\/i><\/a>\n<ul class=\"elementskit-dropdown elementskit-submenu-panel\">\n\t<li id=\"menu-item-7719\" class=\"menu-item menu-item-type-post_type menu-item-object-page menu-item-7719 nav-item elementskit-mobile-builder-content\" data-vertical-menu=750px><a href=\"https:\/\/funpadem.org\/index.php\/1995-2000\/\" class=\" dropdown-item\">1995 \u2013 2000<div class=\"icon-wrapper\"> <\/div><\/a>\t<li id=\"menu-item-7754\" class=\"menu-item menu-item-type-post_type menu-item-object-page menu-item-7754 nav-item elementskit-mobile-builder-content\" data-vertical-menu=750px><a href=\"https:\/\/funpadem.org\/index.php\/2001-2005\/\" class=\" dropdown-item\">2001 \u2013 2005<div class=\"icon-wrapper\"> <\/div><\/a>\t<li id=\"menu-item-7753\" class=\"menu-item menu-item-type-post_type menu-item-object-page menu-item-7753 nav-item elementskit-mobile-builder-content\" data-vertical-menu=750px><a href=\"https:\/\/funpadem.org\/index.php\/2006-2010\/\" class=\" dropdown-item\">2006 \u2013 2010<div class=\"icon-wrapper\"> <\/div><\/a>\t<li id=\"menu-item-7752\" class=\"menu-item menu-item-type-post_type menu-item-object-page menu-item-7752 nav-item elementskit-mobile-builder-content\" data-vertical-menu=750px><a href=\"https:\/\/funpadem.org\/index.php\/2011-2015\/\" class=\" dropdown-item\">2011 \u2013 2015<div class=\"icon-wrapper\"> <\/div><\/a>\t<li id=\"menu-item-7751\" class=\"menu-item menu-item-type-post_type menu-item-object-page menu-item-7751 nav-item elementskit-mobile-builder-content\" data-vertical-menu=750px><a href=\"https:\/\/funpadem.org\/index.php\/2016-2020\/\" class=\" dropdown-item\">2016 \u2013 2020<div class=\"icon-wrapper\"> <\/div><\/a>\t<li id=\"menu-item-7750\" class=\"menu-item menu-item-type-post_type menu-item-object-page menu-item-7750 nav-item elementskit-mobile-builder-content\" data-vertical-menu=750px><a href=\"https:\/\/funpadem.org\/index.php\/2021-2025\/\" class=\" dropdown-item\">2021 \u2013 2025<div class=\"icon-wrapper\"> <\/div><\/a><\/ul>\n<\/li>\n<li id=\"menu-item-7721\" class=\"menu-item menu-item-type-custom menu-item-object-custom menu-item-has-children menu-item-7721 nav-item elementskit-dropdown-has relative_position elementskit-dropdown-menu-default_width elementskit-mobile-builder-content\" data-vertical-menu=750px><a href=\"#\" class=\"ekit-menu-nav-link ekit-menu-dropdown-toggle\">Eje Tem\u00e1tico<i aria-hidden=\"true\" class=\"icon icon-down-arrow1 elementskit-submenu-indicator\"><\/i><\/a>\n<ul class=\"elementskit-dropdown elementskit-submenu-panel\">\n\t<li id=\"menu-item-7782\" class=\"menu-item menu-item-type-post_type menu-item-object-page menu-item-7782 nav-item elementskit-mobile-builder-content\" data-vertical-menu=750px><a href=\"https:\/\/funpadem.org\/index.php\/justicia-y-cumplimiento\/\" class=\" dropdown-item\">Justicia y Cumplimiento<div class=\"icon-wrapper\"> <\/div><\/a>\t<li id=\"menu-item-7783\" class=\"menu-item menu-item-type-post_type menu-item-object-page menu-item-7783 nav-item elementskit-mobile-builder-content\" data-vertical-menu=750px><a href=\"https:\/\/funpadem.org\/index.php\/seguridad-y-prevencion-de-la-violencia\/\" class=\" dropdown-item\">Seguridad y Prevenci\u00f3n de la Violencia<div class=\"icon-wrapper\"> <\/div><\/a>\t<li id=\"menu-item-7784\" class=\"menu-item menu-item-type-post_type menu-item-object-page menu-item-7784 nav-item elementskit-mobile-builder-content\" data-vertical-menu=750px><a href=\"https:\/\/funpadem.org\/index.php\/solucion-pacifica-de-conflictos\/\" class=\" dropdown-item\">Soluci\u00f3n Pac\u00edfica de Conflictos<div class=\"icon-wrapper\"> <\/div><\/a>\t<li id=\"menu-item-7781\" class=\"menu-item menu-item-type-post_type menu-item-object-page menu-item-7781 nav-item elementskit-mobile-builder-content\" data-vertical-menu=750px><a href=\"https:\/\/funpadem.org\/index.php\/gobernanza-democratica\/\" class=\" dropdown-item\">Gobernanza Democr\u00e1tica<div class=\"icon-wrapper\"> <\/div><\/a>\t<li id=\"menu-item-7780\" class=\"menu-item menu-item-type-post_type menu-item-object-page menu-item-7780 nav-item elementskit-mobile-builder-content\" data-vertical-menu=750px><a href=\"https:\/\/funpadem.org\/index.php\/gobernanza-ambiental\/\" class=\" dropdown-item\">Gobernanza Ambiental<div class=\"icon-wrapper\"> <\/div><\/a><\/ul>\n<\/li>\n<li id=\"menu-item-7722\" class=\"menu-item menu-item-type-custom menu-item-object-custom menu-item-has-children menu-item-7722 nav-item elementskit-dropdown-has relative_position elementskit-dropdown-menu-default_width elementskit-mobile-builder-content\" data-vertical-menu=750px><a href=\"#\" class=\"ekit-menu-nav-link ekit-menu-dropdown-toggle\">Zona<i aria-hidden=\"true\" class=\"icon icon-down-arrow1 elementskit-submenu-indicator\"><\/i><\/a>\n<ul class=\"elementskit-dropdown elementskit-submenu-panel\">\n\t<li id=\"menu-item-7858\" class=\"menu-item menu-item-type-post_type menu-item-object-page menu-item-7858 nav-item elementskit-mobile-builder-content\" data-vertical-menu=750px><a href=\"https:\/\/funpadem.org\/index.php\/belice\/\" class=\" dropdown-item\">Belice<div class=\"icon-wrapper\"> <\/div><\/a>\t<li id=\"menu-item-7856\" class=\"menu-item menu-item-type-post_type menu-item-object-page menu-item-7856 nav-item elementskit-mobile-builder-content\" data-vertical-menu=750px><a href=\"https:\/\/funpadem.org\/index.php\/costa-rica\/\" class=\" dropdown-item\">Costa Rica<div class=\"icon-wrapper\"> <\/div><\/a>\t<li id=\"menu-item-7996\" class=\"menu-item menu-item-type-post_type menu-item-object-page menu-item-7996 nav-item elementskit-mobile-builder-content\" data-vertical-menu=750px><a href=\"https:\/\/funpadem.org\/index.php\/el-salvador\/\" class=\" dropdown-item\">El Salvador<div class=\"icon-wrapper\"> <\/div><\/a>\t<li id=\"menu-item-7860\" class=\"menu-item menu-item-type-post_type menu-item-object-page menu-item-7860 nav-item elementskit-mobile-builder-content\" data-vertical-menu=750px><a href=\"https:\/\/funpadem.org\/index.php\/guatemala\/\" class=\" dropdown-item\">Guatemala<div class=\"icon-wrapper\"> <\/div><\/a>\t<li id=\"menu-item-7859\" class=\"menu-item menu-item-type-post_type menu-item-object-page menu-item-7859 nav-item elementskit-mobile-builder-content\" data-vertical-menu=750px><a href=\"https:\/\/funpadem.org\/index.php\/honduras\/\" class=\" dropdown-item\">Honduras<div class=\"icon-wrapper\"> <\/div><\/a>\t<li id=\"menu-item-7857\" class=\"menu-item menu-item-type-post_type menu-item-object-page menu-item-7857 nav-item elementskit-mobile-builder-content\" data-vertical-menu=750px><a href=\"https:\/\/funpadem.org\/index.php\/nicaragua\/\" class=\" dropdown-item\">Nicaragua<div class=\"icon-wrapper\"> <\/div><\/a>\t<li id=\"menu-item-7855\" class=\"menu-item menu-item-type-post_type menu-item-object-page menu-item-7855 nav-item elementskit-mobile-builder-content\" data-vertical-menu=750px><a href=\"https:\/\/funpadem.org\/index.php\/panama\/\" class=\" dropdown-item\">Panam\u00e1<div class=\"icon-wrapper\"> <\/div><\/a>\t<li id=\"menu-item-7850\" class=\"menu-item menu-item-type-post_type menu-item-object-page menu-item-7850 nav-item elementskit-mobile-builder-content\" data-vertical-menu=750px><a href=\"https:\/\/funpadem.org\/index.php\/america-del-sur\/\" class=\" dropdown-item\">Am\u00e9rica del Sur<div class=\"icon-wrapper\"> <\/div><\/a>\t<li id=\"menu-item-7854\" class=\"menu-item menu-item-type-post_type menu-item-object-page menu-item-7854 nav-item elementskit-mobile-builder-content\" data-vertical-menu=750px><a href=\"https:\/\/funpadem.org\/index.php\/colombia\/\" class=\" dropdown-item\">Colombia<div class=\"icon-wrapper\"> <\/div><\/a>\t<li id=\"menu-item-7852\" class=\"menu-item menu-item-type-post_type menu-item-object-page menu-item-7852 nav-item elementskit-mobile-builder-content\" data-vertical-menu=750px><a href=\"https:\/\/funpadem.org\/index.php\/ecuador\/\" class=\" dropdown-item\">Ecuador<div class=\"icon-wrapper\"> <\/div><\/a>\t<li id=\"menu-item-7851\" class=\"menu-item menu-item-type-post_type menu-item-object-page menu-item-7851 nav-item elementskit-mobile-builder-content\" data-vertical-menu=750px><a href=\"https:\/\/funpadem.org\/index.php\/latinoamerica\/\" class=\" dropdown-item\">Latinoam\u00e9rica<div class=\"icon-wrapper\"> <\/div><\/a>\t<li id=\"menu-item-7849\" class=\"menu-item menu-item-type-post_type menu-item-object-page menu-item-7849 nav-item elementskit-mobile-builder-content\" data-vertical-menu=750px><a href=\"https:\/\/funpadem.org\/index.php\/republica-dominicana\/\" class=\" dropdown-item\">Rep\u00fablica Dominicana<div class=\"icon-wrapper\"> <\/div><\/a>\t<li id=\"menu-item-7853\" class=\"menu-item menu-item-type-post_type menu-item-object-page menu-item-7853 nav-item elementskit-mobile-builder-content\" data-vertical-menu=750px><a href=\"https:\/\/funpadem.org\/index.php\/venezuela\/\" class=\" dropdown-item\">Venezuela<div class=\"icon-wrapper\"> <\/div><\/a><\/ul>\n<\/li>\n<\/ul><div class=\"elementskit-nav-identity-panel\"><a class=\"elementskit-nav-logo\" href=\"https:\/\/funpadem.org\" target=\"\" rel=\"\"><img src=\"https:\/\/funpadem.org\/wp-content\/uploads\/2021\/09\/logo-black@2x.png\" title=\"logo-black@2x.png\" alt=\"logo-black@2x.png\" decoding=\"async\" \/><\/a><button class=\"elementskit-menu-close elementskit-menu-toggler\" type=\"button\">X<\/button><\/div><\/div>\t\t\t\n\t\t\t<div class=\"elementskit-menu-overlay elementskit-menu-offcanvas-elements elementskit-menu-toggler ekit-nav-menu--overlay\"><\/div>        <\/nav>\n\t\t\t\t\t\t<\/div>\n\t\t\t\t<\/div>\n\t\t\t\t\t<\/div>\n\t\t<\/div>\n\t\t\t\t\t<\/div>\n\t\t<\/section>\n\t\t\t\t\t<\/div>\n\t\t<\/div>\n\t\t\t\t\t<\/div>\n\t\t<\/section>\n\t\t\t\t<\/div>\n\t\t\t\t<\/div>\n\t\t\t\t\t\t<\/div>\n\t\t\t\t<\/div>\n\t\t\t\t\t<\/div>\n\t\t<\/div>\n\t\t\t\t\t<\/div>\n\t\t<\/section>\n\t\t\t\t<section class=\"elementor-section elementor-top-section elementor-element elementor-element-88f21e3 elementor-section-stretched elementor-section-boxed elementor-section-height-default elementor-section-height-default\" data-id=\"88f21e3\" data-element_type=\"section\" data-settings=\"{&quot;stretch_section&quot;:&quot;section-stretched&quot;}\">\n\t\t\t\t\t\t<div class=\"elementor-container elementor-column-gap-default\">\n\t\t\t\t\t<div class=\"elementor-column elementor-col-50 elementor-top-column elementor-element elementor-element-c2d33d4\" data-id=\"c2d33d4\" data-element_type=\"column\">\n\t\t\t<div class=\"elementor-widget-wrap elementor-element-populated\">\n\t\t\t\t\t\t<div class=\"elementor-element elementor-element-c63cd5b elementor-grid-2 elementor-grid-tablet-2 elementor-grid-mobile-1 elementor-posts--thumbnail-top elementor-widget elementor-widget-posts\" data-id=\"c63cd5b\" data-element_type=\"widget\" data-settings=\"{&quot;classic_columns&quot;:&quot;2&quot;,&quot;pagination_type&quot;:&quot;numbers_and_prev_next&quot;,&quot;classic_columns_tablet&quot;:&quot;2&quot;,&quot;classic_columns_mobile&quot;:&quot;1&quot;,&quot;classic_row_gap&quot;:{&quot;unit&quot;:&quot;px&quot;,&quot;size&quot;:35,&quot;sizes&quot;:[]},&quot;classic_row_gap_tablet&quot;:{&quot;unit&quot;:&quot;px&quot;,&quot;size&quot;:&quot;&quot;,&quot;sizes&quot;:[]},&quot;classic_row_gap_mobile&quot;:{&quot;unit&quot;:&quot;px&quot;,&quot;size&quot;:&quot;&quot;,&quot;sizes&quot;:[]}}\" data-widget_type=\"posts.classic\">\n\t\t\t\t<div class=\"elementor-widget-container\">\n\t\t\t\t\t\t\t<div class=\"elementor-posts-container elementor-posts elementor-posts--skin-classic elementor-grid\" role=\"list\">\n\t\t\t\t<article class=\"elementor-post elementor-grid-item post-6920 post type-post status-publish format-standard has-post-thumbnail hentry category-2001-2005 category-colombia category-ecuador category-panama category-solucion-pacifica-de-conflictos category-sudamerica category-venezuela\" role=\"listitem\">\n\t\t\t\t<a class=\"elementor-post__thumbnail__link\" href=\"https:\/\/funpadem.org\/index.php\/2021\/07\/21\/diagnostico-de-la-dimension-y-problematica-que-afecta-a-los-desplazados-colombianos-a-traves-de-las-fronteras-hacia-ecuador-venezuela-y-panama\/\" tabindex=\"-1\" >\n\t\t\t<div class=\"elementor-post__thumbnail\"><img fetchpriority=\"high\" decoding=\"async\" width=\"300\" height=\"200\" src=\"https:\/\/funpadem.org\/wp-content\/uploads\/2021\/07\/P10.-Migracion-300x200.jpg\" class=\"attachment-medium size-medium wp-image-11219\" alt=\"\" srcset=\"https:\/\/funpadem.org\/wp-content\/uploads\/2021\/07\/P10.-Migracion-300x200.jpg 300w, https:\/\/funpadem.org\/wp-content\/uploads\/2021\/07\/P10.-Migracion-768x513.jpg 768w, https:\/\/funpadem.org\/wp-content\/uploads\/2021\/07\/P10.-Migracion-441x294.jpg 441w, https:\/\/funpadem.org\/wp-content\/uploads\/2021\/07\/P10.-Migracion-600x400.jpg 600w, https:\/\/funpadem.org\/wp-content\/uploads\/2021\/07\/P10.-Migracion-150x100.jpg 150w, https:\/\/funpadem.org\/wp-content\/uploads\/2021\/07\/P10.-Migracion.jpg 980w\" sizes=\"(max-width: 300px) 100vw, 300px\" \/><\/div>\n\t\t<\/a>\n\t\t\t\t<div class=\"elementor-post__text\">\n\t\t\t\t<h3 class=\"elementor-post__title\">\n\t\t\t<a href=\"https:\/\/funpadem.org\/index.php\/2021\/07\/21\/diagnostico-de-la-dimension-y-problematica-que-afecta-a-los-desplazados-colombianos-a-traves-de-las-fronteras-hacia-ecuador-venezuela-y-panama\/\" >\n\t\t\t\tDiagn\u00f3stico de la dimensi\u00f3n y problem\u00e1tica que afecta a los desplazados colombianos a trav\u00e9s de las fronteras hacia Ecuador, Venezuela y Panam\u00e1\t\t\t<\/a>\n\t\t<\/h3>\n\t\t\t\t<div class=\"elementor-post__excerpt\">\n\t\t\t<p>Clasificaci\u00f3n: Resoluci\u00f3n de Conflictos Monto: US $29.972 Tiempo de Ejecuci\u00f3n: 2002-2003 Donante: Alto Comisionado de las Naciones Unidas para los Refugiados (ACNUR), Agencia Sueca para<\/p>\n\t\t<\/div>\n\t\t\n\t\t<a class=\"elementor-post__read-more\" href=\"https:\/\/funpadem.org\/index.php\/2021\/07\/21\/diagnostico-de-la-dimension-y-problematica-que-afecta-a-los-desplazados-colombianos-a-traves-de-las-fronteras-hacia-ecuador-venezuela-y-panama\/\" aria-label=\"M\u00e1s informaci\u00f3n sobre Diagn\u00f3stico de la dimensi\u00f3n y problem\u00e1tica que afecta a los desplazados colombianos a trav\u00e9s de las fronteras hacia Ecuador, Venezuela y Panam\u00e1\" tabindex=\"-1\" >\n\t\t\tVer M\u00e1s\t\t<\/a>\n\n\t\t\t\t<\/div>\n\t\t\t\t<\/article>\n\t\t\t\t<\/div>\n\t\t\n\t\t\t\t\t\t<\/div>\n\t\t\t\t<\/div>\n\t\t\t\t\t<\/div>\n\t\t<\/div>\n\t\t\t\t<div class=\"elementor-column elementor-col-50 elementor-top-column elementor-element elementor-element-7b01555b\" data-id=\"7b01555b\" data-element_type=\"column\">\n\t\t\t<div class=\"elementor-widget-wrap elementor-element-populated\">\n\t\t\t\t\t\t<div class=\"elementor-element elementor-element-687b7d2 elementor-widget elementor-widget-image\" data-id=\"687b7d2\" data-element_type=\"widget\" data-widget_type=\"image.default\">\n\t\t\t\t<div class=\"elementor-widget-container\">\n\t\t\t\t\t\t\t\t\t\t\t\t\t\t\t<img decoding=\"async\" width=\"1024\" height=\"1009\" src=\"https:\/\/funpadem.org\/wp-content\/uploads\/2021\/07\/SidEBAR-1024x1009.jpg\" class=\"attachment-large size-large wp-image-6869\" alt=\"\" srcset=\"https:\/\/funpadem.org\/wp-content\/uploads\/2021\/07\/SidEBAR-1024x1009.jpg 1024w, https:\/\/funpadem.org\/wp-content\/uploads\/2021\/07\/SidEBAR-150x148.jpg 150w, https:\/\/funpadem.org\/wp-content\/uploads\/2021\/07\/SidEBAR-600x591.jpg 600w, https:\/\/funpadem.org\/wp-content\/uploads\/2021\/07\/SidEBAR-300x296.jpg 300w, https:\/\/funpadem.org\/wp-content\/uploads\/2021\/07\/SidEBAR-768x757.jpg 768w, https:\/\/funpadem.org\/wp-content\/uploads\/2021\/07\/SidEBAR-990x975.jpg 990w, https:\/\/funpadem.org\/wp-content\/uploads\/2021\/07\/SidEBAR-441x434.jpg 441w, https:\/\/funpadem.org\/wp-content\/uploads\/2021\/07\/SidEBAR.jpg 1220w\" sizes=\"(max-width: 1024px) 100vw, 1024px\" \/>\t\t\t\t\t\t\t\t\t\t\t\t\t\t\t<\/div>\n\t\t\t\t<\/div>\n\t\t\t\t<div class=\"elementor-element elementor-element-dd79157 elementor-widget elementor-widget-heading\" data-id=\"dd79157\" data-element_type=\"widget\" data-widget_type=\"heading.default\">\n\t\t\t\t<div class=\"elementor-widget-container\">\n\t\t\t\t\t<h3 class=\"elementor-heading-title elementor-size-default\">Proyectos que Impactan<\/h3>\t\t\t\t<\/div>\n\t\t\t\t<\/div>\n\t\t\t\t<div class=\"elementor-element elementor-element-bd933f8 elementor-widget elementor-widget-heading\" data-id=\"bd933f8\" data-element_type=\"widget\" data-widget_type=\"heading.default\">\n\t\t\t\t<div class=\"elementor-widget-container\">\n\t\t\t\t\t<h4 class=\"elementor-heading-title elementor-size-default\">LATINOAM\u00e9rica<\/h4>\t\t\t\t<\/div>\n\t\t\t\t<\/div>\n\t\t\t\t<div class=\"elementor-element elementor-element-11a2b76 elementor-widget elementor-widget-text-editor\" data-id=\"11a2b76\" data-element_type=\"widget\" data-widget_type=\"text-editor.default\">\n\t\t\t\t<div class=\"elementor-widget-container\">\n\t\t\t\t\t\t\t\t\t<p>Desarrollo de seguridad ciudadana, gobernanza ambiental y democr\u00e1tica, educaci\u00f3n, desarrollo y justicia, y cumplimiento laboral.<\/p>\t\t\t\t\t\t\t\t<\/div>\n\t\t\t\t<\/div>\n\t\t\t\t<div class=\"elementor-element elementor-element-dd75596 elementor-widget elementor-widget-heading\" data-id=\"dd75596\" data-element_type=\"widget\" data-widget_type=\"heading.default\">\n\t\t\t\t<div class=\"elementor-widget-container\">\n\t\t\t\t\t<h3 class=\"elementor-heading-title elementor-size-default\">Dise\u00f1o e implementaci\u00f3n<\/h3>\t\t\t\t<\/div>\n\t\t\t\t<\/div>\n\t\t\t\t\t<\/div>\n\t\t<\/div>\n\t\t\t\t\t<\/div>\n\t\t<\/section>\n\t\t\t\t<\/div>\n\t\t","protected":false},"excerpt":{"rendered":"<p>Proyectos que Impactan LATINOAM\u00e9rica Desarrollo de seguridad ciudadana, gobernanza ambiental y democr\u00e1tica, educaci\u00f3n, desarrollo y justicia, y cumplimiento laboral. Dise\u00f1o e implementaci\u00f3n<\/p>\n","protected":false},"author":1,"featured_media":0,"parent":0,"menu_order":0,"comment_status":"closed","ping_status":"closed","template":"elementor_header_footer","meta":{"_bbp_topic_count":0,"_bbp_reply_count":0,"_bbp_total_topic_count":0,"_bbp_total_reply_count":0,"_bbp_voice_count":0,"_bbp_anonymous_reply_count":0,"_bbp_topic_count_hidden":0,"_bbp_reply_count_hidden":0,"_bbp_forum_subforum_count":0,"footnotes":""},"class_list":["post-7839","page","type-page","status-publish","hentry"],"_links":{"self":[{"href":"https:\/\/funpadem.org\/index.php\/wp-json\/wp\/v2\/pages\/7839","targetHints":{"allow":["GET"]}}],"collection":[{"href":"https:\/\/funpadem.org\/index.php\/wp-json\/wp\/v2\/pages"}],"about":[{"href":"https:\/\/funpadem.org\/index.php\/wp-json\/wp\/v2\/types\/page"}],"author":[{"embeddable":true,"href":"https:\/\/funpadem.org\/index.php\/wp-json\/wp\/v2\/users\/1"}],"replies":[{"embeddable":true,"href":"https:\/\/funpadem.org\/index.php\/wp-json\/wp\/v2\/comments?post=7839"}],"version-history":[{"count":10,"href":"https:\/\/funpadem.org\/index.php\/wp-json\/wp\/v2\/pages\/7839\/revisions"}],"predecessor-version":[{"id":9568,"href":"https:\/\/funpadem.org\/index.php\/wp-json\/wp\/v2\/pages\/7839\/revisions\/9568"}],"wp:attachment":[{"href":"https:\/\/funpadem.org\/index.php\/wp-json\/wp\/v2\/media?parent=7839"}],"curies":[{"name":"wp","href":"https:\/\/api.w.org\/{rel}","templated":true}]}}