{"id":8103,"date":"2021-09-27T13:39:10","date_gmt":"2021-09-27T19:39:10","guid":{"rendered":"https:\/\/funpadem.org\/?page_id=8103"},"modified":"2021-09-27T15:59:04","modified_gmt":"2021-09-27T21:59:04","slug":"mirador-centroamericano","status":"publish","type":"page","link":"https:\/\/funpadem.org\/index.php\/mirador-centroamericano\/","title":{"rendered":"Mirador Centroamericano"},"content":{"rendered":"\t\t<div data-elementor-type=\"wp-page\" data-elementor-id=\"8103\" class=\"elementor elementor-8103\" data-elementor-post-type=\"page\">\n\t\t\t\t\t\t<section class=\"elementor-section elementor-top-section elementor-element elementor-element-c3e07aa elementor-section-boxed elementor-section-height-default elementor-section-height-default\" data-id=\"c3e07aa\" data-element_type=\"section\">\n\t\t\t\t\t\t<div class=\"elementor-container elementor-column-gap-default\">\n\t\t\t\t\t<div class=\"elementor-column elementor-col-100 elementor-top-column elementor-element elementor-element-5fa5c9b\" data-id=\"5fa5c9b\" data-element_type=\"column\">\n\t\t\t<div class=\"elementor-widget-wrap elementor-element-populated\">\n\t\t\t\t\t\t<div class=\"elementor-element elementor-element-9438cc1 elementor-widget elementor-widget-image\" data-id=\"9438cc1\" data-element_type=\"widget\" data-widget_type=\"image.default\">\n\t\t\t\t<div class=\"elementor-widget-container\">\n\t\t\t\t\t\t\t\t\t\t\t\t\t\t\t<img fetchpriority=\"high\" decoding=\"async\" width=\"750\" height=\"233\" src=\"https:\/\/funpadem.org\/wp-content\/uploads\/2021\/09\/logo-mirador-centroamericano.jpg\" class=\"attachment-large size-large wp-image-8128\" alt=\"\" srcset=\"https:\/\/funpadem.org\/wp-content\/uploads\/2021\/09\/logo-mirador-centroamericano.jpg 750w, https:\/\/funpadem.org\/wp-content\/uploads\/2021\/09\/logo-mirador-centroamericano-150x47.jpg 150w, https:\/\/funpadem.org\/wp-content\/uploads\/2021\/09\/logo-mirador-centroamericano-600x186.jpg 600w, https:\/\/funpadem.org\/wp-content\/uploads\/2021\/09\/logo-mirador-centroamericano-300x93.jpg 300w, https:\/\/funpadem.org\/wp-content\/uploads\/2021\/09\/logo-mirador-centroamericano-441x137.jpg 441w\" sizes=\"(max-width: 750px) 100vw, 750px\" \/>\t\t\t\t\t\t\t\t\t\t\t\t\t\t\t<\/div>\n\t\t\t\t<\/div>\n\t\t\t\t\t<\/div>\n\t\t<\/div>\n\t\t\t\t\t<\/div>\n\t\t<\/section>\n\t\t\t\t<section class=\"elementor-section elementor-top-section elementor-element elementor-element-88f21e3 elementor-section-stretched elementor-section-boxed elementor-section-height-default elementor-section-height-default\" data-id=\"88f21e3\" data-element_type=\"section\" data-settings=\"{&quot;stretch_section&quot;:&quot;section-stretched&quot;}\">\n\t\t\t\t\t\t<div class=\"elementor-container elementor-column-gap-default\">\n\t\t\t\t\t<div class=\"elementor-column elementor-col-100 elementor-top-column elementor-element elementor-element-c2d33d4\" data-id=\"c2d33d4\" data-element_type=\"column\">\n\t\t\t<div class=\"elementor-widget-wrap elementor-element-populated\">\n\t\t\t\t\t\t<div class=\"elementor-element elementor-element-8bf4970 elementor-widget elementor-widget-heading\" data-id=\"8bf4970\" data-element_type=\"widget\" data-widget_type=\"heading.default\">\n\t\t\t\t<div class=\"elementor-widget-container\">\n\t\t\t\t\t<h2 class=\"elementor-heading-title elementor-size-default\">\u00daltimas Noticias<\/h2>\t\t\t\t<\/div>\n\t\t\t\t<\/div>\n\t\t\t\t\t<\/div>\n\t\t<\/div>\n\t\t\t\t\t<\/div>\n\t\t<\/section>\n\t\t\t\t<section class=\"elementor-section elementor-top-section elementor-element elementor-element-afdd20a elementor-section-stretched elementor-section-boxed elementor-section-height-default elementor-section-height-default\" data-id=\"afdd20a\" data-element_type=\"section\" data-settings=\"{&quot;stretch_section&quot;:&quot;section-stretched&quot;}\">\n\t\t\t\t\t\t<div class=\"elementor-container elementor-column-gap-default\">\n\t\t\t\t\t<div class=\"elementor-column elementor-col-33 elementor-top-column elementor-element elementor-element-a4a51b9\" data-id=\"a4a51b9\" data-element_type=\"column\">\n\t\t\t<div class=\"elementor-widget-wrap elementor-element-populated\">\n\t\t\t\t\t\t<div class=\"elementor-element elementor-element-d2ed757 elementor-widget elementor-widget-image\" data-id=\"d2ed757\" data-element_type=\"widget\" data-widget_type=\"image.default\">\n\t\t\t\t<div class=\"elementor-widget-container\">\n\t\t\t\t\t\t\t\t\t\t\t\t\t\t\t<img decoding=\"async\" width=\"788\" height=\"117\" src=\"https:\/\/funpadem.org\/wp-content\/uploads\/2021\/09\/edicion-mirador-centroamericano.jpg\" class=\"attachment-large size-large wp-image-8150\" alt=\"\" srcset=\"https:\/\/funpadem.org\/wp-content\/uploads\/2021\/09\/edicion-mirador-centroamericano.jpg 788w, https:\/\/funpadem.org\/wp-content\/uploads\/2021\/09\/edicion-mirador-centroamericano-150x22.jpg 150w, https:\/\/funpadem.org\/wp-content\/uploads\/2021\/09\/edicion-mirador-centroamericano-600x89.jpg 600w, https:\/\/funpadem.org\/wp-content\/uploads\/2021\/09\/edicion-mirador-centroamericano-300x45.jpg 300w, https:\/\/funpadem.org\/wp-content\/uploads\/2021\/09\/edicion-mirador-centroamericano-768x114.jpg 768w, https:\/\/funpadem.org\/wp-content\/uploads\/2021\/09\/edicion-mirador-centroamericano-441x65.jpg 441w\" sizes=\"(max-width: 788px) 100vw, 788px\" \/>\t\t\t\t\t\t\t\t\t\t\t\t\t\t\t<\/div>\n\t\t\t\t<\/div>\n\t\t\t\t<div class=\"elementor-element elementor-element-737f4a6 elementor-widget elementor-widget-image\" data-id=\"737f4a6\" data-element_type=\"widget\" data-widget_type=\"image.default\">\n\t\t\t\t<div class=\"elementor-widget-container\">\n\t\t\t\t\t\t\t\t\t\t\t\t\t\t\t<img decoding=\"async\" width=\"1024\" height=\"651\" src=\"https:\/\/funpadem.org\/wp-content\/uploads\/2021\/09\/mirador-centroamericano-1-1024x651.jpg\" class=\"attachment-large size-large wp-image-8119\" alt=\"\" srcset=\"https:\/\/funpadem.org\/wp-content\/uploads\/2021\/09\/mirador-centroamericano-1-1024x651.jpg 1024w, https:\/\/funpadem.org\/wp-content\/uploads\/2021\/09\/mirador-centroamericano-1-150x95.jpg 150w, https:\/\/funpadem.org\/wp-content\/uploads\/2021\/09\/mirador-centroamericano-1-600x381.jpg 600w, https:\/\/funpadem.org\/wp-content\/uploads\/2021\/09\/mirador-centroamericano-1-300x191.jpg 300w, https:\/\/funpadem.org\/wp-content\/uploads\/2021\/09\/mirador-centroamericano-1-768x488.jpg 768w, https:\/\/funpadem.org\/wp-content\/uploads\/2021\/09\/mirador-centroamericano-1-1536x976.jpg 1536w, https:\/\/funpadem.org\/wp-content\/uploads\/2021\/09\/mirador-centroamericano-1-990x629.jpg 990w, https:\/\/funpadem.org\/wp-content\/uploads\/2021\/09\/mirador-centroamericano-1-441x280.jpg 441w, https:\/\/funpadem.org\/wp-content\/uploads\/2021\/09\/mirador-centroamericano-1.jpg 1800w\" sizes=\"(max-width: 1024px) 100vw, 1024px\" \/>\t\t\t\t\t\t\t\t\t\t\t\t\t\t\t<\/div>\n\t\t\t\t<\/div>\n\t\t\t\t<div class=\"elementor-element elementor-element-199f1bd elementor-widget elementor-widget-heading\" data-id=\"199f1bd\" data-element_type=\"widget\" data-widget_type=\"heading.default\">\n\t\t\t\t<div class=\"elementor-widget-container\">\n\t\t\t\t\t<h2 class=\"elementor-heading-title elementor-size-default\">Justicia inhabilit\u00f3 a opositora Cristiana Chamorro para las elecciones presidenciales de Nicaragua en noviembre <\/h2>\t\t\t\t<\/div>\n\t\t\t\t<\/div>\n\t\t\t\t<div class=\"elementor-element elementor-element-58b74c7 elementor-align-left elementor-widget elementor-widget-button\" data-id=\"58b74c7\" data-element_type=\"widget\" data-widget_type=\"button.default\">\n\t\t\t\t<div class=\"elementor-widget-container\">\n\t\t\t\t\t\t\t\t\t<div class=\"elementor-button-wrapper\">\n\t\t\t\t\t<a class=\"elementor-button elementor-button-link elementor-size-sm\" href=\"https:\/\/funpadem.org\/app\/webroot\/files\/publication\/files\/533_274.pdf\">\n\t\t\t\t\t\t<span class=\"elementor-button-content-wrapper\">\n\t\t\t\t\t\t\t\t\t<span class=\"elementor-button-text\">Ver M\u00e1s<\/span>\n\t\t\t\t\t<\/span>\n\t\t\t\t\t<\/a>\n\t\t\t\t<\/div>\n\t\t\t\t\t\t\t\t<\/div>\n\t\t\t\t<\/div>\n\t\t\t\t\t<\/div>\n\t\t<\/div>\n\t\t\t\t<div class=\"elementor-column elementor-col-33 elementor-top-column elementor-element elementor-element-a2a3595\" data-id=\"a2a3595\" data-element_type=\"column\">\n\t\t\t<div class=\"elementor-widget-wrap elementor-element-populated\">\n\t\t\t\t\t\t<div class=\"elementor-element elementor-element-0ed5c95 elementor-widget elementor-widget-image\" data-id=\"0ed5c95\" data-element_type=\"widget\" data-widget_type=\"image.default\">\n\t\t\t\t<div class=\"elementor-widget-container\">\n\t\t\t\t\t\t\t\t\t\t\t\t\t\t\t<img loading=\"lazy\" decoding=\"async\" width=\"788\" height=\"117\" src=\"https:\/\/funpadem.org\/wp-content\/uploads\/2021\/09\/edicion-mirador-centroamericano-2.jpg\" class=\"attachment-large size-large wp-image-8152\" alt=\"\" srcset=\"https:\/\/funpadem.org\/wp-content\/uploads\/2021\/09\/edicion-mirador-centroamericano-2.jpg 788w, https:\/\/funpadem.org\/wp-content\/uploads\/2021\/09\/edicion-mirador-centroamericano-2-150x22.jpg 150w, https:\/\/funpadem.org\/wp-content\/uploads\/2021\/09\/edicion-mirador-centroamericano-2-600x89.jpg 600w, https:\/\/funpadem.org\/wp-content\/uploads\/2021\/09\/edicion-mirador-centroamericano-2-300x45.jpg 300w, https:\/\/funpadem.org\/wp-content\/uploads\/2021\/09\/edicion-mirador-centroamericano-2-768x114.jpg 768w, https:\/\/funpadem.org\/wp-content\/uploads\/2021\/09\/edicion-mirador-centroamericano-2-441x65.jpg 441w\" sizes=\"(max-width: 788px) 100vw, 788px\" \/>\t\t\t\t\t\t\t\t\t\t\t\t\t\t\t<\/div>\n\t\t\t\t<\/div>\n\t\t\t\t<div class=\"elementor-element elementor-element-1d89577 elementor-widget elementor-widget-image\" data-id=\"1d89577\" data-element_type=\"widget\" data-widget_type=\"image.default\">\n\t\t\t\t<div class=\"elementor-widget-container\">\n\t\t\t\t\t\t\t\t\t\t\t\t\t\t\t<img loading=\"lazy\" decoding=\"async\" width=\"1024\" height=\"651\" src=\"https:\/\/funpadem.org\/wp-content\/uploads\/2021\/09\/mirador-centroamericano-2-1024x651.jpg\" class=\"attachment-large size-large wp-image-8146\" alt=\"\" srcset=\"https:\/\/funpadem.org\/wp-content\/uploads\/2021\/09\/mirador-centroamericano-2-1024x651.jpg 1024w, https:\/\/funpadem.org\/wp-content\/uploads\/2021\/09\/mirador-centroamericano-2-150x95.jpg 150w, https:\/\/funpadem.org\/wp-content\/uploads\/2021\/09\/mirador-centroamericano-2-600x381.jpg 600w, https:\/\/funpadem.org\/wp-content\/uploads\/2021\/09\/mirador-centroamericano-2-300x191.jpg 300w, https:\/\/funpadem.org\/wp-content\/uploads\/2021\/09\/mirador-centroamericano-2-768x488.jpg 768w, https:\/\/funpadem.org\/wp-content\/uploads\/2021\/09\/mirador-centroamericano-2-1536x976.jpg 1536w, https:\/\/funpadem.org\/wp-content\/uploads\/2021\/09\/mirador-centroamericano-2-990x629.jpg 990w, https:\/\/funpadem.org\/wp-content\/uploads\/2021\/09\/mirador-centroamericano-2-441x280.jpg 441w, https:\/\/funpadem.org\/wp-content\/uploads\/2021\/09\/mirador-centroamericano-2.jpg 1800w\" sizes=\"(max-width: 1024px) 100vw, 1024px\" \/>\t\t\t\t\t\t\t\t\t\t\t\t\t\t\t<\/div>\n\t\t\t\t<\/div>\n\t\t\t\t<div class=\"elementor-element elementor-element-793debe elementor-widget elementor-widget-heading\" data-id=\"793debe\" data-element_type=\"widget\" data-widget_type=\"heading.default\">\n\t\t\t\t<div class=\"elementor-widget-container\">\n\t\t\t\t\t<h2 class=\"elementor-heading-title elementor-size-default\">Emergencia por COVID-19 aumentar\u00eda tasas de trabajo infantil en la regi\u00f3n Latinoamericana<\/h2>\t\t\t\t<\/div>\n\t\t\t\t<\/div>\n\t\t\t\t<div class=\"elementor-element elementor-element-bd86832 elementor-align-left elementor-widget elementor-widget-button\" data-id=\"bd86832\" data-element_type=\"widget\" data-widget_type=\"button.default\">\n\t\t\t\t<div class=\"elementor-widget-container\">\n\t\t\t\t\t\t\t\t\t<div class=\"elementor-button-wrapper\">\n\t\t\t\t\t<a class=\"elementor-button elementor-button-link elementor-size-sm\" href=\"https:\/\/funpadem.org\/app\/webroot\/files\/publication\/files\/437_236.pdf\">\n\t\t\t\t\t\t<span class=\"elementor-button-content-wrapper\">\n\t\t\t\t\t\t\t\t\t<span class=\"elementor-button-text\">Ver M\u00e1s<\/span>\n\t\t\t\t\t<\/span>\n\t\t\t\t\t<\/a>\n\t\t\t\t<\/div>\n\t\t\t\t\t\t\t\t<\/div>\n\t\t\t\t<\/div>\n\t\t\t\t\t<\/div>\n\t\t<\/div>\n\t\t\t\t<div class=\"elementor-column elementor-col-33 elementor-top-column elementor-element elementor-element-0b21561\" data-id=\"0b21561\" data-element_type=\"column\">\n\t\t\t<div class=\"elementor-widget-wrap elementor-element-populated\">\n\t\t\t\t\t\t<div class=\"elementor-element elementor-element-db97acf elementor-widget elementor-widget-image\" data-id=\"db97acf\" data-element_type=\"widget\" data-widget_type=\"image.default\">\n\t\t\t\t<div class=\"elementor-widget-container\">\n\t\t\t\t\t\t\t\t\t\t\t\t\t\t\t<img decoding=\"async\" width=\"788\" height=\"117\" src=\"https:\/\/funpadem.org\/wp-content\/uploads\/2021\/09\/edicion-mirador-centroamericano.jpg\" class=\"attachment-large size-large wp-image-8150\" alt=\"\" srcset=\"https:\/\/funpadem.org\/wp-content\/uploads\/2021\/09\/edicion-mirador-centroamericano.jpg 788w, https:\/\/funpadem.org\/wp-content\/uploads\/2021\/09\/edicion-mirador-centroamericano-150x22.jpg 150w, https:\/\/funpadem.org\/wp-content\/uploads\/2021\/09\/edicion-mirador-centroamericano-600x89.jpg 600w, https:\/\/funpadem.org\/wp-content\/uploads\/2021\/09\/edicion-mirador-centroamericano-300x45.jpg 300w, https:\/\/funpadem.org\/wp-content\/uploads\/2021\/09\/edicion-mirador-centroamericano-768x114.jpg 768w, https:\/\/funpadem.org\/wp-content\/uploads\/2021\/09\/edicion-mirador-centroamericano-441x65.jpg 441w\" sizes=\"(max-width: 788px) 100vw, 788px\" \/>\t\t\t\t\t\t\t\t\t\t\t\t\t\t\t<\/div>\n\t\t\t\t<\/div>\n\t\t\t\t<div class=\"elementor-element elementor-element-b49f5f4 elementor-widget elementor-widget-image\" data-id=\"b49f5f4\" data-element_type=\"widget\" data-widget_type=\"image.default\">\n\t\t\t\t<div class=\"elementor-widget-container\">\n\t\t\t\t\t\t\t\t\t\t\t\t\t\t\t<img decoding=\"async\" width=\"1024\" height=\"651\" src=\"https:\/\/funpadem.org\/wp-content\/uploads\/2021\/09\/mirador-centroamericano-1-1024x651.jpg\" class=\"attachment-large size-large wp-image-8119\" alt=\"\" srcset=\"https:\/\/funpadem.org\/wp-content\/uploads\/2021\/09\/mirador-centroamericano-1-1024x651.jpg 1024w, https:\/\/funpadem.org\/wp-content\/uploads\/2021\/09\/mirador-centroamericano-1-150x95.jpg 150w, https:\/\/funpadem.org\/wp-content\/uploads\/2021\/09\/mirador-centroamericano-1-600x381.jpg 600w, https:\/\/funpadem.org\/wp-content\/uploads\/2021\/09\/mirador-centroamericano-1-300x191.jpg 300w, https:\/\/funpadem.org\/wp-content\/uploads\/2021\/09\/mirador-centroamericano-1-768x488.jpg 768w, https:\/\/funpadem.org\/wp-content\/uploads\/2021\/09\/mirador-centroamericano-1-1536x976.jpg 1536w, https:\/\/funpadem.org\/wp-content\/uploads\/2021\/09\/mirador-centroamericano-1-990x629.jpg 990w, https:\/\/funpadem.org\/wp-content\/uploads\/2021\/09\/mirador-centroamericano-1-441x280.jpg 441w, https:\/\/funpadem.org\/wp-content\/uploads\/2021\/09\/mirador-centroamericano-1.jpg 1800w\" sizes=\"(max-width: 1024px) 100vw, 1024px\" \/>\t\t\t\t\t\t\t\t\t\t\t\t\t\t\t<\/div>\n\t\t\t\t<\/div>\n\t\t\t\t<div class=\"elementor-element elementor-element-7e1cae2 elementor-widget elementor-widget-heading\" data-id=\"7e1cae2\" data-element_type=\"widget\" data-widget_type=\"heading.default\">\n\t\t\t\t<div class=\"elementor-widget-container\">\n\t\t\t\t\t<h2 class=\"elementor-heading-title elementor-size-default\">Justicia inhabilit\u00f3 a opositora Cristiana Chamorro para las elecciones presidenciales de Nicaragua en noviembre <\/h2>\t\t\t\t<\/div>\n\t\t\t\t<\/div>\n\t\t\t\t<div class=\"elementor-element elementor-element-c2a58b8 elementor-align-left elementor-widget elementor-widget-button\" data-id=\"c2a58b8\" data-element_type=\"widget\" data-widget_type=\"button.default\">\n\t\t\t\t<div class=\"elementor-widget-container\">\n\t\t\t\t\t\t\t\t\t<div class=\"elementor-button-wrapper\">\n\t\t\t\t\t<a class=\"elementor-button elementor-button-link elementor-size-sm\" href=\"https:\/\/funpadem.org\/app\/webroot\/files\/publication\/files\/533_274.pdf\">\n\t\t\t\t\t\t<span class=\"elementor-button-content-wrapper\">\n\t\t\t\t\t\t\t\t\t<span class=\"elementor-button-text\">Ver M\u00e1s<\/span>\n\t\t\t\t\t<\/span>\n\t\t\t\t\t<\/a>\n\t\t\t\t<\/div>\n\t\t\t\t\t\t\t\t<\/div>\n\t\t\t\t<\/div>\n\t\t\t\t\t<\/div>\n\t\t<\/div>\n\t\t\t\t\t<\/div>\n\t\t<\/section>\n\t\t\t\t<section class=\"elementor-section elementor-top-section elementor-element elementor-element-12d74eb elementor-section-stretched elementor-section-boxed elementor-section-height-default elementor-section-height-default\" data-id=\"12d74eb\" data-element_type=\"section\" data-settings=\"{&quot;stretch_section&quot;:&quot;section-stretched&quot;}\">\n\t\t\t\t\t\t<div class=\"elementor-container elementor-column-gap-default\">\n\t\t\t\t\t<div class=\"elementor-column elementor-col-100 elementor-top-column elementor-element elementor-element-c16367c\" data-id=\"c16367c\" data-element_type=\"column\">\n\t\t\t<div class=\"elementor-widget-wrap elementor-element-populated\">\n\t\t\t\t\t\t<div class=\"elementor-element elementor-element-7c3f081 elementor-widget elementor-widget-heading\" data-id=\"7c3f081\" data-element_type=\"widget\" data-widget_type=\"heading.default\">\n\t\t\t\t<div class=\"elementor-widget-container\">\n\t\t\t\t\t<h2 class=\"elementor-heading-title elementor-size-default\"><a href=\"https:\/\/funpadem.org\/Publication\">Ver todas las Noticias<\/a><\/h2>\t\t\t\t<\/div>\n\t\t\t\t<\/div>\n\t\t\t\t\t<\/div>\n\t\t<\/div>\n\t\t\t\t\t<\/div>\n\t\t<\/section>\n\t\t\t\t<section class=\"elementor-section elementor-top-section elementor-element elementor-element-c7440c2 elementor-section-stretched elementor-section-boxed elementor-section-height-default elementor-section-height-default\" data-id=\"c7440c2\" data-element_type=\"section\" data-settings=\"{&quot;background_background&quot;:&quot;classic&quot;,&quot;stretch_section&quot;:&quot;section-stretched&quot;}\">\n\t\t\t\t\t\t\t<div class=\"elementor-background-overlay\"><\/div>\n\t\t\t\t\t\t\t<div class=\"elementor-container elementor-column-gap-default\">\n\t\t\t\t\t<div class=\"elementor-column elementor-col-100 elementor-top-column elementor-element elementor-element-1fd73b34\" data-id=\"1fd73b34\" data-element_type=\"column\">\n\t\t\t<div class=\"elementor-widget-wrap elementor-element-populated\">\n\t\t\t\t\t\t<div class=\"elementor-element elementor-element-661b8693 animated-slow elementor-invisible elementor-widget elementor-widget-heading\" data-id=\"661b8693\" data-element_type=\"widget\" data-settings=\"{&quot;_animation&quot;:&quot;fadeInUp&quot;}\" data-widget_type=\"heading.default\">\n\t\t\t\t<div class=\"elementor-widget-container\">\n\t\t\t\t\t<h2 class=\"elementor-heading-title elementor-size-default\">Suscr\u00edbase a Mirador Centroamericano<\/h2>\t\t\t\t<\/div>\n\t\t\t\t<\/div>\n\t\t\t\t<div class=\"elementor-element elementor-element-2174467d animated-slow elementor-invisible elementor-widget elementor-widget-text-editor\" data-id=\"2174467d\" data-element_type=\"widget\" data-settings=\"{&quot;_animation&quot;:&quot;fadeInUp&quot;}\" data-widget_type=\"text-editor.default\">\n\t\t\t\t<div class=\"elementor-widget-container\">\n\t\t\t\t\t\t\t\t\t<p>Mant\u00e9ngase al d\u00eda con nuestras noticias inscribi\u00e9ndose en nuestro newsletter<\/p>\t\t\t\t\t\t\t\t<\/div>\n\t\t\t\t<\/div>\n\t\t\t\t<div class=\"elementor-element elementor-element-30696f6d elementor-align-center animated-slow elementor-invisible elementor-widget elementor-widget-button\" data-id=\"30696f6d\" data-element_type=\"widget\" data-settings=\"{&quot;_animation&quot;:&quot;fadeInUp&quot;}\" data-widget_type=\"button.default\">\n\t\t\t\t<div class=\"elementor-widget-container\">\n\t\t\t\t\t\t\t\t\t<div class=\"elementor-button-wrapper\">\n\t\t\t\t\t<a class=\"elementor-button elementor-button-link elementor-size-sm elementor-animation-float\" href=\"https:\/\/us9.list-manage.com\/subscribe?u=4af2ddd14d8bc0b9b0ae39a9e&#038;id=2b7d020c09\">\n\t\t\t\t\t\t<span class=\"elementor-button-content-wrapper\">\n\t\t\t\t\t\t\t\t\t<span class=\"elementor-button-text\">Suscribirse<\/span>\n\t\t\t\t\t<\/span>\n\t\t\t\t\t<\/a>\n\t\t\t\t<\/div>\n\t\t\t\t\t\t\t\t<\/div>\n\t\t\t\t<\/div>\n\t\t\t\t\t<\/div>\n\t\t<\/div>\n\t\t\t\t\t<\/div>\n\t\t<\/section>\n\t\t\t\t<\/div>\n\t\t","protected":false},"excerpt":{"rendered":"<p>\u00daltimas Noticias Justicia inhabilit\u00f3 a opositora Cristiana Chamorro para las elecciones presidenciales de Nicaragua en noviembre Ver M\u00e1s Emergencia por COVID-19 aumentar\u00eda tasas de trabajo infantil en la regi\u00f3n Latinoamericana Ver M\u00e1s Justicia inhabilit\u00f3 a opositora Cristiana Chamorro para las elecciones presidenciales de Nicaragua en noviembre Ver M\u00e1s Ver todas las Noticias Suscr\u00edbase a Mirador [&hellip;]<\/p>\n","protected":false},"author":1,"featured_media":0,"parent":0,"menu_order":0,"comment_status":"closed","ping_status":"closed","template":"elementor_header_footer","meta":{"_bbp_topic_count":0,"_bbp_reply_count":0,"_bbp_total_topic_count":0,"_bbp_total_reply_count":0,"_bbp_voice_count":0,"_bbp_anonymous_reply_count":0,"_bbp_topic_count_hidden":0,"_bbp_reply_count_hidden":0,"_bbp_forum_subforum_count":0,"footnotes":""},"class_list":["post-8103","page","type-page","status-publish","hentry"],"_links":{"self":[{"href":"https:\/\/funpadem.org\/index.php\/wp-json\/wp\/v2\/pages\/8103","targetHints":{"allow":["GET"]}}],"collection":[{"href":"https:\/\/funpadem.org\/index.php\/wp-json\/wp\/v2\/pages"}],"about":[{"href":"https:\/\/funpadem.org\/index.php\/wp-json\/wp\/v2\/types\/page"}],"author":[{"embeddable":true,"href":"https:\/\/funpadem.org\/index.php\/wp-json\/wp\/v2\/users\/1"}],"replies":[{"embeddable":true,"href":"https:\/\/funpadem.org\/index.php\/wp-json\/wp\/v2\/comments?post=8103"}],"version-history":[{"count":31,"href":"https:\/\/funpadem.org\/index.php\/wp-json\/wp\/v2\/pages\/8103\/revisions"}],"predecessor-version":[{"id":8162,"href":"https:\/\/funpadem.org\/index.php\/wp-json\/wp\/v2\/pages\/8103\/revisions\/8162"}],"wp:attachment":[{"href":"https:\/\/funpadem.org\/index.php\/wp-json\/wp\/v2\/media?parent=8103"}],"curies":[{"name":"wp","href":"https:\/\/api.w.org\/{rel}","templated":true}]}}