{"id":8164,"date":"2021-09-27T16:18:28","date_gmt":"2021-09-27T22:18:28","guid":{"rendered":"https:\/\/funpadem.org\/?page_id=8164"},"modified":"2026-01-14T12:30:27","modified_gmt":"2026-01-14T18:30:27","slug":"inicio","status":"publish","type":"page","link":"https:\/\/funpadem.org\/index.php\/inicio\/","title":{"rendered":"Estad\u00edsticas"},"content":{"rendered":"\t\t<div data-elementor-type=\"wp-page\" data-elementor-id=\"8164\" class=\"elementor elementor-8164\" data-elementor-post-type=\"page\">\n\t\t\t\t\t\t<section class=\"elementor-section elementor-top-section elementor-element elementor-element-583c7cc elementor-section-stretched elementor-section-boxed elementor-section-height-default elementor-section-height-default\" data-id=\"583c7cc\" data-element_type=\"section\" data-settings=\"{&quot;background_background&quot;:&quot;classic&quot;,&quot;stretch_section&quot;:&quot;section-stretched&quot;}\">\n\t\t\t\t\t\t\t<div class=\"elementor-background-overlay\"><\/div>\n\t\t\t\t\t\t\t<div class=\"elementor-container elementor-column-gap-default\">\n\t\t\t\t\t<div class=\"elementor-column elementor-col-50 elementor-top-column elementor-element elementor-element-121ed16\" data-id=\"121ed16\" data-element_type=\"column\">\n\t\t\t<div class=\"elementor-widget-wrap elementor-element-populated\">\n\t\t\t\t\t\t<div class=\"elementor-element elementor-element-f8ade36 elementor-absolute animated-slow elementor-widget-tablet__width-auto elementor-invisible elementor-widget elementor-widget-image\" data-id=\"f8ade36\" data-element_type=\"widget\" data-settings=\"{&quot;_position&quot;:&quot;absolute&quot;,&quot;_animation&quot;:&quot;fadeInRight&quot;}\" data-widget_type=\"image.default\">\n\t\t\t\t<div class=\"elementor-widget-container\">\n\t\t\t\t\t\t\t\t\t\t\t\t\t\t\t<img fetchpriority=\"high\" decoding=\"async\" width=\"2000\" height=\"1333\" src=\"https:\/\/funpadem.org\/wp-content\/uploads\/2021\/09\/types-of-graphical-data.jpg\" class=\"attachment-full size-full wp-image-8165\" alt=\"Types of graphical data\" srcset=\"https:\/\/funpadem.org\/wp-content\/uploads\/2021\/09\/types-of-graphical-data.jpg 2000w, https:\/\/funpadem.org\/wp-content\/uploads\/2021\/09\/types-of-graphical-data-150x100.jpg 150w, https:\/\/funpadem.org\/wp-content\/uploads\/2021\/09\/types-of-graphical-data-600x400.jpg 600w, https:\/\/funpadem.org\/wp-content\/uploads\/2021\/09\/types-of-graphical-data-300x200.jpg 300w, https:\/\/funpadem.org\/wp-content\/uploads\/2021\/09\/types-of-graphical-data-1024x682.jpg 1024w, https:\/\/funpadem.org\/wp-content\/uploads\/2021\/09\/types-of-graphical-data-768x512.jpg 768w, https:\/\/funpadem.org\/wp-content\/uploads\/2021\/09\/types-of-graphical-data-1536x1024.jpg 1536w, https:\/\/funpadem.org\/wp-content\/uploads\/2021\/09\/types-of-graphical-data-990x660.jpg 990w, https:\/\/funpadem.org\/wp-content\/uploads\/2021\/09\/types-of-graphical-data-441x294.jpg 441w\" sizes=\"(max-width: 2000px) 100vw, 2000px\" \/>\t\t\t\t\t\t\t\t\t\t\t\t\t\t\t<\/div>\n\t\t\t\t<\/div>\n\t\t\t\t<div class=\"elementor-element elementor-element-58e43b6 animated-slow elementor-invisible elementor-widget elementor-widget-image\" data-id=\"58e43b6\" data-element_type=\"widget\" data-settings=\"{&quot;_animation&quot;:&quot;fadeInUp&quot;}\" data-widget_type=\"image.default\">\n\t\t\t\t<div class=\"elementor-widget-container\">\n\t\t\t\t\t\t\t\t\t\t\t\t\t\t\t<img decoding=\"async\" width=\"1433\" height=\"2000\" src=\"https:\/\/funpadem.org\/wp-content\/uploads\/2021\/09\/graphical-chart.jpg\" class=\"attachment-full size-full wp-image-8167\" alt=\"Graphical chart\" srcset=\"https:\/\/funpadem.org\/wp-content\/uploads\/2021\/09\/graphical-chart.jpg 1433w, https:\/\/funpadem.org\/wp-content\/uploads\/2021\/09\/graphical-chart-150x209.jpg 150w, https:\/\/funpadem.org\/wp-content\/uploads\/2021\/09\/graphical-chart-600x837.jpg 600w, https:\/\/funpadem.org\/wp-content\/uploads\/2021\/09\/graphical-chart-215x300.jpg 215w, https:\/\/funpadem.org\/wp-content\/uploads\/2021\/09\/graphical-chart-734x1024.jpg 734w, https:\/\/funpadem.org\/wp-content\/uploads\/2021\/09\/graphical-chart-768x1072.jpg 768w, https:\/\/funpadem.org\/wp-content\/uploads\/2021\/09\/graphical-chart-1101x1536.jpg 1101w, https:\/\/funpadem.org\/wp-content\/uploads\/2021\/09\/graphical-chart-990x1382.jpg 990w, https:\/\/funpadem.org\/wp-content\/uploads\/2021\/09\/graphical-chart-441x615.jpg 441w\" sizes=\"(max-width: 1433px) 100vw, 1433px\" \/>\t\t\t\t\t\t\t\t\t\t\t\t\t\t\t<\/div>\n\t\t\t\t<\/div>\n\t\t\t\t\t<\/div>\n\t\t<\/div>\n\t\t\t\t<div class=\"elementor-column elementor-col-50 elementor-top-column elementor-element elementor-element-8eb5d45\" data-id=\"8eb5d45\" data-element_type=\"column\">\n\t\t\t<div class=\"elementor-widget-wrap elementor-element-populated\">\n\t\t\t\t\t\t<div class=\"elementor-element elementor-element-f9e8d25 animated-slow elementor-invisible elementor-widget elementor-widget-heading\" data-id=\"f9e8d25\" data-element_type=\"widget\" data-settings=\"{&quot;_animation&quot;:&quot;fadeInRight&quot;}\" data-widget_type=\"heading.default\">\n\t\t\t\t<div class=\"elementor-widget-container\">\n\t\t\t\t\t<h5 class=\"elementor-heading-title elementor-size-default\">Estad\u00edsticas<\/h5>\t\t\t\t<\/div>\n\t\t\t\t<\/div>\n\t\t\t\t<div class=\"elementor-element elementor-element-d7bf494 animated-slow elementor-invisible elementor-widget elementor-widget-heading\" data-id=\"d7bf494\" data-element_type=\"widget\" data-settings=\"{&quot;_animation&quot;:&quot;fadeInRight&quot;}\" data-widget_type=\"heading.default\">\n\t\t\t\t<div class=\"elementor-widget-container\">\n\t\t\t\t\t<h2 class=\"elementor-heading-title elementor-size-default\">Generamos conocimiento a trav\u00e9s de nuestro centro de pensamiento<\/h2>\t\t\t\t<\/div>\n\t\t\t\t<\/div>\n\t\t\t\t<div class=\"elementor-element elementor-element-f68607b animated-slow elementor-invisible elementor-widget elementor-widget-text-editor\" data-id=\"f68607b\" data-element_type=\"widget\" data-settings=\"{&quot;_animation&quot;:&quot;fadeInRight&quot;}\" data-widget_type=\"text-editor.default\">\n\t\t\t\t<div class=\"elementor-widget-container\">\n\t\t\t\t\t\t\t\t\t<p style=\"margin: 0cm; text-align: justify; line-height: 19.2pt;\"><span lang=\"es-419\" style=\"font-family: 'Arial',sans-serif;\">FUNPADEM se ha esforzado por generar conocimiento a trav\u00e9s de su centro de pensamiento. Es por ello por lo que contamos con ejes program\u00e1ticos definidos en los cuales se enmarcan los esfuerzos para construir productos, procesos de investigaci\u00f3n e informaci\u00f3n estad\u00edstica que contribuyan a la creaci\u00f3n de conocimiento y toma de decisiones en la regi\u00f3n centroamericana con base en evidencia.<\/span><\/p>\t\t\t\t\t\t\t\t<\/div>\n\t\t\t\t<\/div>\n\t\t\t\t\t<\/div>\n\t\t<\/div>\n\t\t\t\t\t<\/div>\n\t\t<\/section>\n\t\t\t\t<section class=\"elementor-section elementor-top-section elementor-element elementor-element-2cf84af elementor-section-boxed elementor-section-height-default elementor-section-height-default\" data-id=\"2cf84af\" data-element_type=\"section\">\n\t\t\t\t\t\t<div class=\"elementor-container elementor-column-gap-default\">\n\t\t\t\t\t<div class=\"elementor-column elementor-col-100 elementor-top-column elementor-element elementor-element-9a16edb\" data-id=\"9a16edb\" data-element_type=\"column\">\n\t\t\t<div class=\"elementor-widget-wrap elementor-element-populated\">\n\t\t\t\t\t\t<section class=\"elementor-section elementor-inner-section elementor-element elementor-element-c3addbf elementor-section-boxed elementor-section-height-default elementor-section-height-default\" data-id=\"c3addbf\" data-element_type=\"section\">\n\t\t\t\t\t\t<div class=\"elementor-container elementor-column-gap-default\">\n\t\t\t\t\t<div class=\"elementor-column elementor-col-100 elementor-inner-column elementor-element elementor-element-b71beda\" data-id=\"b71beda\" data-element_type=\"column\">\n\t\t\t<div class=\"elementor-widget-wrap elementor-element-populated\">\n\t\t\t\t\t\t<div class=\"elementor-element elementor-element-fa5ffe5 elementor-widget elementor-widget-heading\" data-id=\"fa5ffe5\" data-element_type=\"widget\" data-widget_type=\"heading.default\">\n\t\t\t\t<div class=\"elementor-widget-container\">\n\t\t\t\t\t<h2 class=\"elementor-heading-title elementor-size-default\">INFORME NACIONAL DE VIOLENCIA ARMADA<\/h2>\t\t\t\t<\/div>\n\t\t\t\t<\/div>\n\t\t\t\t\t<\/div>\n\t\t<\/div>\n\t\t\t\t\t<\/div>\n\t\t<\/section>\n\t\t\t\t<section class=\"elementor-section elementor-inner-section elementor-element elementor-element-5f292c1 elementor-section-boxed elementor-section-height-default elementor-section-height-default\" data-id=\"5f292c1\" data-element_type=\"section\">\n\t\t\t\t\t\t<div class=\"elementor-container elementor-column-gap-default\">\n\t\t\t\t\t<div class=\"elementor-column elementor-col-100 elementor-inner-column elementor-element elementor-element-4a090dc\" data-id=\"4a090dc\" data-element_type=\"column\">\n\t\t\t<div class=\"elementor-widget-wrap elementor-element-populated\">\n\t\t\t\t\t\t<div class=\"elementor-element elementor-element-ca54f0d elementor-widget elementor-widget-html\" data-id=\"ca54f0d\" data-element_type=\"widget\" data-widget_type=\"html.default\">\n\t\t\t\t<div class=\"elementor-widget-container\">\n\t\t\t\t\t<iframe title=\"Violencia Armada VF\" width=\"800\" height=\"636\" src=\"https:\/\/app.powerbi.com\/view?r=eyJrIjoiMDYzYTA3ZmYtN2M3NC00MjBkLWIwYTktOTRiNTZhYmM1YTg1IiwidCI6IjUwMjM3NTkxLTlmM2QtNDY3Yy05YTQ3LWI0YzhiNTU4NmU5MCIsImMiOjR9&pageName=c3acbc97cdf975985f50\" frameborder=\"0\" allowFullScreen=\"true\"><\/iframe>\t\t\t\t<\/div>\n\t\t\t\t<\/div>\n\t\t\t\t\t<\/div>\n\t\t<\/div>\n\t\t\t\t\t<\/div>\n\t\t<\/section>\n\t\t\t\t<section class=\"elementor-section elementor-inner-section elementor-element elementor-element-d1d78df elementor-section-boxed elementor-section-height-default elementor-section-height-default\" data-id=\"d1d78df\" data-element_type=\"section\">\n\t\t\t\t\t\t<div class=\"elementor-container elementor-column-gap-default\">\n\t\t\t\t\t<div class=\"elementor-column elementor-col-100 elementor-inner-column elementor-element elementor-element-d8e1324\" data-id=\"d8e1324\" data-element_type=\"column\">\n\t\t\t<div class=\"elementor-widget-wrap elementor-element-populated\">\n\t\t\t\t\t\t<div class=\"elementor-element elementor-element-7918602 elementor-widget elementor-widget-text-editor\" data-id=\"7918602\" data-element_type=\"widget\" data-widget_type=\"text-editor.default\">\n\t\t\t\t<div class=\"elementor-widget-container\">\n\t\t\t\t\t\t\t\t\t<p><strong>Fecha de publicaci\u00f3n<\/strong>: 05 de setiembre de 2025<br \/><strong>\u00daltima actualizaci\u00f3n<\/strong>: 14 de enero de 2026<\/p>\t\t\t\t\t\t\t\t<\/div>\n\t\t\t\t<\/div>\n\t\t\t\t\t<\/div>\n\t\t<\/div>\n\t\t\t\t\t<\/div>\n\t\t<\/section>\n\t\t\t\t\t<\/div>\n\t\t<\/div>\n\t\t\t\t\t<\/div>\n\t\t<\/section>\n\t\t\t\t<\/div>\n\t\t","protected":false},"excerpt":{"rendered":"<p>Estad\u00edsticas Generamos conocimiento a trav\u00e9s de nuestro centro de pensamiento FUNPADEM se ha esforzado por generar conocimiento a trav\u00e9s de su centro de pensamiento. Es por ello por lo que contamos con ejes program\u00e1ticos definidos en los cuales se enmarcan los esfuerzos para construir productos, procesos de investigaci\u00f3n e informaci\u00f3n estad\u00edstica que contribuyan a la [&hellip;]<\/p>\n","protected":false},"author":1,"featured_media":0,"parent":0,"menu_order":0,"comment_status":"closed","ping_status":"closed","template":"elementor_header_footer","meta":{"_bbp_topic_count":0,"_bbp_reply_count":0,"_bbp_total_topic_count":0,"_bbp_total_reply_count":0,"_bbp_voice_count":0,"_bbp_anonymous_reply_count":0,"_bbp_topic_count_hidden":0,"_bbp_reply_count_hidden":0,"_bbp_forum_subforum_count":0,"footnotes":""},"class_list":["post-8164","page","type-page","status-publish","hentry"],"_links":{"self":[{"href":"https:\/\/funpadem.org\/index.php\/wp-json\/wp\/v2\/pages\/8164","targetHints":{"allow":["GET"]}}],"collection":[{"href":"https:\/\/funpadem.org\/index.php\/wp-json\/wp\/v2\/pages"}],"about":[{"href":"https:\/\/funpadem.org\/index.php\/wp-json\/wp\/v2\/types\/page"}],"author":[{"embeddable":true,"href":"https:\/\/funpadem.org\/index.php\/wp-json\/wp\/v2\/users\/1"}],"replies":[{"embeddable":true,"href":"https:\/\/funpadem.org\/index.php\/wp-json\/wp\/v2\/comments?post=8164"}],"version-history":[{"count":56,"href":"https:\/\/funpadem.org\/index.php\/wp-json\/wp\/v2\/pages\/8164\/revisions"}],"predecessor-version":[{"id":21700,"href":"https:\/\/funpadem.org\/index.php\/wp-json\/wp\/v2\/pages\/8164\/revisions\/21700"}],"wp:attachment":[{"href":"https:\/\/funpadem.org\/index.php\/wp-json\/wp\/v2\/media?parent=8164"}],"curies":[{"name":"wp","href":"https:\/\/api.w.org\/{rel}","templated":true}]}}