{"id":8583,"date":"2021-10-29T17:44:18","date_gmt":"2021-10-29T23:44:18","guid":{"rendered":"https:\/\/funpadem.org\/?page_id=8583"},"modified":"2021-10-29T19:00:27","modified_gmt":"2021-10-30T01:00:27","slug":"publicaciones","status":"publish","type":"page","link":"https:\/\/funpadem.org\/index.php\/publicaciones\/","title":{"rendered":"Publicaciones"},"content":{"rendered":"\t\t<div data-elementor-type=\"wp-page\" data-elementor-id=\"8583\" class=\"elementor elementor-8583\" data-elementor-post-type=\"page\">\n\t\t\t\t\t\t<section class=\"elementor-section elementor-top-section elementor-element elementor-element-ef5bf51 elementor-section-stretched elementor-section-boxed elementor-section-height-default elementor-section-height-default\" data-id=\"ef5bf51\" data-element_type=\"section\" data-settings=\"{&quot;stretch_section&quot;:&quot;section-stretched&quot;}\">\n\t\t\t\t\t\t<div class=\"elementor-container elementor-column-gap-default\">\n\t\t\t\t\t<div class=\"elementor-column elementor-col-100 elementor-top-column elementor-element elementor-element-2d61e4f\" data-id=\"2d61e4f\" data-element_type=\"column\">\n\t\t\t<div class=\"elementor-widget-wrap elementor-element-populated\">\n\t\t\t\t\t\t<div class=\"elementor-element elementor-element-5263351 elementor-widget elementor-widget-template\" data-id=\"5263351\" data-element_type=\"widget\" data-widget_type=\"template.default\">\n\t\t\t\t<div class=\"elementor-widget-container\">\n\t\t\t\t\t\t\t<div class=\"elementor-template\">\n\t\t\t\t\t<div data-elementor-type=\"page\" data-elementor-id=\"8585\" class=\"elementor elementor-8585\" data-elementor-post-type=\"elementor_library\">\n\t\t\t\t\t\t<section class=\"elementor-section elementor-top-section elementor-element elementor-element-712e00ef elementor-section-content-middle elementor-section-boxed elementor-section-height-default elementor-section-height-default\" data-id=\"712e00ef\" data-element_type=\"section\" data-settings=\"{&quot;background_background&quot;:&quot;classic&quot;}\">\n\t\t\t\t\t\t<div class=\"elementor-container elementor-column-gap-default\">\n\t\t\t\t\t<div class=\"elementor-column elementor-col-100 elementor-top-column elementor-element elementor-element-69f616de elementor-hidden-phone elementor-hidden-tablet\" data-id=\"69f616de\" data-element_type=\"column\">\n\t\t\t<div class=\"elementor-widget-wrap elementor-element-populated\">\n\t\t\t\t\t\t<div class=\"elementor-element elementor-element-d376eba elementor-widget elementor-widget-heading\" data-id=\"d376eba\" data-element_type=\"widget\" data-widget_type=\"heading.default\">\n\t\t\t\t<div class=\"elementor-widget-container\">\n\t\t\t\t\t<h2 class=\"elementor-heading-title elementor-size-default\">Publicaciones<\/h2>\t\t\t\t<\/div>\n\t\t\t\t<\/div>\n\t\t\t\t\t<\/div>\n\t\t<\/div>\n\t\t\t\t\t<\/div>\n\t\t<\/section>\n\t\t\t\t<section class=\"elementor-section elementor-top-section elementor-element elementor-element-6a83ab71 elementor-section-content-middle elementor-section-boxed elementor-section-height-default elementor-section-height-default\" data-id=\"6a83ab71\" data-element_type=\"section\">\n\t\t\t\t\t\t<div class=\"elementor-container elementor-column-gap-default\">\n\t\t\t\t\t<div class=\"elementor-column elementor-col-100 elementor-top-column elementor-element elementor-element-4a596652\" data-id=\"4a596652\" data-element_type=\"column\">\n\t\t\t<div class=\"elementor-widget-wrap elementor-element-populated\">\n\t\t\t\t\t\t<section class=\"elementor-section elementor-inner-section elementor-element elementor-element-401376e4 elementor-section-content-middle elementor-section-boxed elementor-section-height-default elementor-section-height-default\" data-id=\"401376e4\" data-element_type=\"section\" data-settings=\"{&quot;background_background&quot;:&quot;classic&quot;}\">\n\t\t\t\t\t\t<div class=\"elementor-container elementor-column-gap-default\">\n\t\t\t\t\t<div class=\"elementor-column elementor-col-100 elementor-inner-column elementor-element elementor-element-7743ff08\" data-id=\"7743ff08\" data-element_type=\"column\">\n\t\t\t<div class=\"elementor-widget-wrap elementor-element-populated\">\n\t\t\t\t\t\t<div class=\"elementor-element elementor-element-b35ce41 elementor-widget elementor-widget-ekit-nav-menu\" data-id=\"b35ce41\" data-element_type=\"widget\" data-widget_type=\"ekit-nav-menu.default\">\n\t\t\t\t<div class=\"elementor-widget-container\">\n\t\t\t\t\t\t\t<nav class=\"ekit-wid-con ekit_menu_responsive_tablet\" \n\t\t\tdata-hamburger-icon=\"icon icon-menu-11\" \n\t\t\tdata-hamburger-icon-type=\"icon\" \n\t\t\tdata-responsive-breakpoint=\"1024\">\n\t\t\t            <button class=\"elementskit-menu-hamburger elementskit-menu-toggler\"  type=\"button\" aria-label=\"hamburger-icon\">\n                <i aria-hidden=\"true\" class=\"ekit-menu-icon icon icon-menu-11\"><\/i>            <\/button>\n            <div id=\"ekit-megamenu-publicaciones\" class=\"elementskit-menu-container elementskit-menu-offcanvas-elements elementskit-navbar-nav-default ekit-nav-menu-one-page-no ekit-nav-dropdown-hover\"><ul id=\"menu-publicaciones\" class=\"elementskit-navbar-nav elementskit-menu-po-center submenu-click-on-icon\"><li id=\"menu-item-8588\" class=\"menu-item menu-item-type-custom menu-item-object-custom menu-item-8588 nav-item elementskit-mobile-builder-content\" data-vertical-menu=750px><a href=\"https:\/\/funpadem.org\/index.php\/publicaciones\/\" class=\"ekit-menu-nav-link\">Todas las Publicaciones<\/a><\/li>\n<li id=\"menu-item-9654\" class=\"menu-item menu-item-type-post_type menu-item-object-page menu-item-9654 nav-item elementskit-mobile-builder-content\" data-vertical-menu=750px><a href=\"https:\/\/funpadem.org\/index.php\/publicaciones-institucionales\/\" class=\"ekit-menu-nav-link\">Institucionales<div class=\"icon-wrapper\"> <\/div><\/a><\/li>\n<li id=\"menu-item-9628\" class=\"menu-item menu-item-type-custom menu-item-object-custom menu-item-has-children menu-item-9628 nav-item elementskit-dropdown-has relative_position elementskit-dropdown-menu-default_width elementskit-mobile-builder-content\" data-vertical-menu=750px><a href=\"#\" class=\"ekit-menu-nav-link ekit-menu-dropdown-toggle\">Tem\u00e1tica<i aria-hidden=\"true\" class=\"icon icon-down-arrow1 elementskit-submenu-indicator\"><\/i><\/a>\n<ul class=\"elementskit-dropdown elementskit-submenu-panel\">\n\t<li id=\"menu-item-9629\" class=\"menu-item menu-item-type-post_type menu-item-object-page menu-item-9629 nav-item elementskit-mobile-builder-content\" data-vertical-menu=750px><a href=\"https:\/\/funpadem.org\/index.php\/publicacionesseguridadyprevencion\/\" class=\" dropdown-item\">Seguridad y prevenci\u00f3n de la violencia<div class=\"icon-wrapper\"> <\/div><\/a>\t<li id=\"menu-item-9661\" class=\"menu-item menu-item-type-post_type menu-item-object-page menu-item-9661 nav-item elementskit-mobile-builder-content\" data-vertical-menu=750px><a href=\"https:\/\/funpadem.org\/index.php\/publicaciones-gobernanza-democratica\/\" class=\" dropdown-item\">Gobernanza Democr\u00e1tica<div class=\"icon-wrapper\"> <\/div><\/a>\t<li id=\"menu-item-9684\" class=\"menu-item menu-item-type-post_type menu-item-object-page menu-item-9684 nav-item elementskit-mobile-builder-content\" data-vertical-menu=750px><a href=\"https:\/\/funpadem.org\/index.php\/publicaciones-cumplimiento-laboral\/\" class=\" dropdown-item\">Justicia y Cumplimiento Laboral<div class=\"icon-wrapper\"> <\/div><\/a><\/ul>\n<\/li>\n<li id=\"menu-item-9647\" class=\"menu-item menu-item-type-custom menu-item-object-custom menu-item-has-children menu-item-9647 nav-item elementskit-dropdown-has relative_position elementskit-dropdown-menu-default_width elementskit-mobile-builder-content\" data-vertical-menu=750px><a href=\"#\" class=\"ekit-menu-nav-link ekit-menu-dropdown-toggle\">Tem\u00e1tica especializada<i aria-hidden=\"true\" class=\"icon icon-down-arrow1 elementskit-submenu-indicator\"><\/i><\/a>\n<ul class=\"elementskit-dropdown elementskit-submenu-panel\">\n\t<li id=\"menu-item-9646\" class=\"menu-item menu-item-type-post_type menu-item-object-page menu-item-9646 nav-item elementskit-mobile-builder-content\" data-vertical-menu=750px><a href=\"https:\/\/funpadem.org\/index.php\/publicaciones-migracion\/\" class=\" dropdown-item\">Migraci\u00f3n<div class=\"icon-wrapper\"> <\/div><\/a><\/ul>\n<\/li>\n<\/ul><div class=\"elementskit-nav-identity-panel\"><a class=\"elementskit-nav-logo\" href=\"https:\/\/funpadem.org\" target=\"\" rel=\"\"><img src=\"https:\/\/funpadem.org\/wp-content\/uploads\/2021\/09\/logo-black@2x.png\" title=\"logo-black@2x.png\" alt=\"logo-black@2x.png\" decoding=\"async\" \/><\/a><button class=\"elementskit-menu-close elementskit-menu-toggler\" type=\"button\">X<\/button><\/div><\/div>\t\t\t\n\t\t\t<div class=\"elementskit-menu-overlay elementskit-menu-offcanvas-elements elementskit-menu-toggler ekit-nav-menu--overlay\"><\/div>        <\/nav>\n\t\t\t\t\t\t<\/div>\n\t\t\t\t<\/div>\n\t\t\t\t\t<\/div>\n\t\t<\/div>\n\t\t\t\t\t<\/div>\n\t\t<\/section>\n\t\t\t\t\t<\/div>\n\t\t<\/div>\n\t\t\t\t\t<\/div>\n\t\t<\/section>\n\t\t\t\t<\/div>\n\t\t\t\t<\/div>\n\t\t\t\t\t\t<\/div>\n\t\t\t\t<\/div>\n\t\t\t\t\t<\/div>\n\t\t<\/div>\n\t\t\t\t\t<\/div>\n\t\t<\/section>\n\t\t\t\t<section class=\"elementor-section elementor-top-section elementor-element elementor-element-88f21e3 elementor-section-stretched elementor-section-boxed elementor-section-height-default elementor-section-height-default\" data-id=\"88f21e3\" data-element_type=\"section\" data-settings=\"{&quot;stretch_section&quot;:&quot;section-stretched&quot;}\">\n\t\t\t\t\t\t<div class=\"elementor-container elementor-column-gap-default\">\n\t\t\t\t\t<div class=\"elementor-column elementor-col-100 elementor-top-column elementor-element elementor-element-c2d33d4\" data-id=\"c2d33d4\" data-element_type=\"column\">\n\t\t\t<div class=\"elementor-widget-wrap elementor-element-populated\">\n\t\t\t\t\t\t<div class=\"elementor-element elementor-element-c63cd5b elementor-grid-3 elementor-grid-tablet-2 elementor-grid-mobile-1 elementor-posts--thumbnail-top elementor-widget elementor-widget-posts\" data-id=\"c63cd5b\" data-element_type=\"widget\" data-settings=\"{&quot;pagination_type&quot;:&quot;numbers_and_prev_next&quot;,&quot;classic_columns&quot;:&quot;3&quot;,&quot;classic_columns_tablet&quot;:&quot;2&quot;,&quot;classic_columns_mobile&quot;:&quot;1&quot;,&quot;classic_row_gap&quot;:{&quot;unit&quot;:&quot;px&quot;,&quot;size&quot;:35,&quot;sizes&quot;:[]},&quot;classic_row_gap_tablet&quot;:{&quot;unit&quot;:&quot;px&quot;,&quot;size&quot;:&quot;&quot;,&quot;sizes&quot;:[]},&quot;classic_row_gap_mobile&quot;:{&quot;unit&quot;:&quot;px&quot;,&quot;size&quot;:&quot;&quot;,&quot;sizes&quot;:[]}}\" data-widget_type=\"posts.classic\">\n\t\t\t\t<div class=\"elementor-widget-container\">\n\t\t\t\t\t\t\t<div class=\"elementor-posts-container elementor-posts elementor-posts--skin-classic elementor-grid\" role=\"list\">\n\t\t\t\t<article class=\"elementor-post elementor-grid-item post-21574 post type-post status-publish format-standard hentry category-pub-seguridad-prevencion category-publicaciones\" role=\"listitem\">\n\t\t\t\t<div class=\"elementor-post__text\">\n\t\t\t\t<h3 class=\"elementor-post__title\">\n\t\t\t<a href=\"https:\/\/funpadem.org\/index.php\/2025\/09\/05\/publicacion-inva-2025\/\" >\n\t\t\t\tInforme Nacional de Violencia Armada (2025)\t\t\t<\/a>\n\t\t<\/h3>\n\t\t\t\t<div class=\"elementor-post__meta-data\">\n\t\t\t\t\t<span class=\"elementor-post-date\">\n\t\t\t5 septiembre, 2025\t\t<\/span>\n\t\t\t\t<\/div>\n\t\t\t\t<div class=\"elementor-post__excerpt\">\n\t\t\t<p>Categor\u00eda: Prevenci\u00f3n de la violencia\u00a0 El Informe Nacional de Violencia Armada 2025 (INVA) es un estudio integral que analiza de manera sistem\u00e1tica la evoluci\u00f3n, caracter\u00edsticas<\/p>\n\t\t<\/div>\n\t\t\n\t\t<a class=\"elementor-post__read-more\" href=\"https:\/\/funpadem.org\/index.php\/2025\/09\/05\/publicacion-inva-2025\/\" aria-label=\"M\u00e1s informaci\u00f3n sobre Informe Nacional de Violencia Armada (2025)\" tabindex=\"-1\" >\n\t\t\tVer M\u00e1s\t\t<\/a>\n\n\t\t\t\t<\/div>\n\t\t\t\t<\/article>\n\t\t\t\t<article class=\"elementor-post elementor-grid-item post-18801 post type-post status-publish format-standard hentry category-pub-gobernanza-democratica category-publicaciones category-publicaciones-costa-rica category-sin-categorizar\" role=\"listitem\">\n\t\t\t\t<div class=\"elementor-post__text\">\n\t\t\t\t<h3 class=\"elementor-post__title\">\n\t\t\t<a href=\"https:\/\/funpadem.org\/index.php\/2025\/01\/15\/2024-publicacion-informe-desafios-para-la-democracia\/\" >\n\t\t\t\t(2024) Informe sobre desaf\u00edos de la democracia en Costa Rica\t\t\t<\/a>\n\t\t<\/h3>\n\t\t\t\t<div class=\"elementor-post__meta-data\">\n\t\t\t\t\t<span class=\"elementor-post-date\">\n\t\t\t15 enero, 2025\t\t<\/span>\n\t\t\t\t<\/div>\n\t\t\t\t<div class=\"elementor-post__excerpt\">\n\t\t\t<p>Categor\u00eda: Gobernanza Democr\u00e1tica (2024) Informe Nacional del Proyecto para la Participaci\u00f3n e Impacto de la Sociedad Civil en la Pol\u00edtica Interamericana 2024 El Informe Nacional<\/p>\n\t\t<\/div>\n\t\t\n\t\t<a class=\"elementor-post__read-more\" href=\"https:\/\/funpadem.org\/index.php\/2025\/01\/15\/2024-publicacion-informe-desafios-para-la-democracia\/\" aria-label=\"M\u00e1s informaci\u00f3n sobre (2024) Informe sobre desaf\u00edos de la democracia en Costa Rica\" tabindex=\"-1\" >\n\t\t\tVer M\u00e1s\t\t<\/a>\n\n\t\t\t\t<\/div>\n\t\t\t\t<\/article>\n\t\t\t\t<article class=\"elementor-post elementor-grid-item post-18519 post type-post status-publish format-standard hentry category-pub-gobernanza-democratica category-pub-migracion category-publicaciones\" role=\"listitem\">\n\t\t\t\t<div class=\"elementor-post__text\">\n\t\t\t\t<h3 class=\"elementor-post__title\">\n\t\t\t<a href=\"https:\/\/funpadem.org\/index.php\/2024\/12\/09\/2024-manual-formacion-facilitadores-judiciales-prevencion-basada-en-genero\/\" >\n\t\t\t\t(2024) Manual formativo y de formaci\u00f3n a formadores dirigido a personas facilitadoras judiciales. \u00bfC\u00f3mo ser agentes de cambio en la prevenci\u00f3n de la violencia basada en g\u00e9nero?\t\t\t<\/a>\n\t\t<\/h3>\n\t\t\t\t<div class=\"elementor-post__meta-data\">\n\t\t\t\t\t<span class=\"elementor-post-date\">\n\t\t\t9 diciembre, 2024\t\t<\/span>\n\t\t\t\t<\/div>\n\t\t\t\t<div class=\"elementor-post__excerpt\">\n\t\t\t<p>Categor\u00eda:\u00a0Procesos migratoriosProyecto: Integr\u00e9monos (2024) Manual formativo y de formaci\u00f3n a formadores dirigido a personas facilitadoras judiciales. \u00bfC\u00f3mo ser agentes de cambio en la prevenci\u00f3n de<\/p>\n\t\t<\/div>\n\t\t\n\t\t<a class=\"elementor-post__read-more\" href=\"https:\/\/funpadem.org\/index.php\/2024\/12\/09\/2024-manual-formacion-facilitadores-judiciales-prevencion-basada-en-genero\/\" aria-label=\"M\u00e1s informaci\u00f3n sobre (2024) Manual formativo y de formaci\u00f3n a formadores dirigido a personas facilitadoras judiciales. \u00bfC\u00f3mo ser agentes de cambio en la prevenci\u00f3n de la violencia basada en g\u00e9nero?\" tabindex=\"-1\" >\n\t\t\tVer M\u00e1s\t\t<\/a>\n\n\t\t\t\t<\/div>\n\t\t\t\t<\/article>\n\t\t\t\t<article class=\"elementor-post elementor-grid-item post-18435 post type-post status-publish format-standard hentry category-pub-gobernanza-democratica category-publicaciones\" role=\"listitem\">\n\t\t\t\t<div class=\"elementor-post__text\">\n\t\t\t\t<h3 class=\"elementor-post__title\">\n\t\t\t<a href=\"https:\/\/funpadem.org\/index.php\/2024\/11\/22\/2024-informe-nacional-participacion-sociedad-civil\/\" >\n\t\t\t\t(2024) Informe Nacional Proyecto para la Participaci\u00f3n e Impacto de la Sociedad Civil en la Pol\u00edtica Interamericana\t\t\t<\/a>\n\t\t<\/h3>\n\t\t\t\t<div class=\"elementor-post__meta-data\">\n\t\t\t\t\t<span class=\"elementor-post-date\">\n\t\t\t22 noviembre, 2024\t\t<\/span>\n\t\t\t\t<\/div>\n\t\t\t\t<div class=\"elementor-post__excerpt\">\n\t\t\t<p>Categor\u00eda: Gobernanza Democr\u00e1tica (2024) Informe Nacional Proyecto para la Participaci\u00f3n e Impacto de la Sociedad Civil en la Pol\u00edtica Interamericana, 2024. Este Informe, liderado por<\/p>\n\t\t<\/div>\n\t\t\n\t\t<a class=\"elementor-post__read-more\" href=\"https:\/\/funpadem.org\/index.php\/2024\/11\/22\/2024-informe-nacional-participacion-sociedad-civil\/\" aria-label=\"M\u00e1s informaci\u00f3n sobre (2024) Informe Nacional Proyecto para la Participaci\u00f3n e Impacto de la Sociedad Civil en la Pol\u00edtica Interamericana\" tabindex=\"-1\" >\n\t\t\tVer M\u00e1s\t\t<\/a>\n\n\t\t\t\t<\/div>\n\t\t\t\t<\/article>\n\t\t\t\t<article class=\"elementor-post elementor-grid-item post-13467 post type-post status-publish format-standard hentry category-pub-justicia-cumplimiento category-publicaciones category-publicaciones-costa-rica\" role=\"listitem\">\n\t\t\t\t<div class=\"elementor-post__text\">\n\t\t\t\t<h3 class=\"elementor-post__title\">\n\t\t\t<a href=\"https:\/\/funpadem.org\/index.php\/2024\/04\/18\/2024-revista-de-derecho-del-trabajo-y-seguridad-social\/\" >\n\t\t\t\t(2024) Revista de Derecho de Trabajo y Seguridad Social de la Defensa P\u00fablica\t\t\t<\/a>\n\t\t<\/h3>\n\t\t\t\t<div class=\"elementor-post__meta-data\">\n\t\t\t\t\t<span class=\"elementor-post-date\">\n\t\t\t18 abril, 2024\t\t<\/span>\n\t\t\t\t<\/div>\n\t\t\t\t<div class=\"elementor-post__excerpt\">\n\t\t\t<p>Categor\u00eda: Justicia y cumplimiento laboral Proyecto: Implementando una Cultura de Cumplimiento Laboral en el Sector Agroexportador de Costa Rica y Honduras La Revista de Derecho<\/p>\n\t\t<\/div>\n\t\t\n\t\t<a class=\"elementor-post__read-more\" href=\"https:\/\/funpadem.org\/index.php\/2024\/04\/18\/2024-revista-de-derecho-del-trabajo-y-seguridad-social\/\" aria-label=\"M\u00e1s informaci\u00f3n sobre (2024) Revista de Derecho de Trabajo y Seguridad Social de la Defensa P\u00fablica\" tabindex=\"-1\" >\n\t\t\tVer M\u00e1s\t\t<\/a>\n\n\t\t\t\t<\/div>\n\t\t\t\t<\/article>\n\t\t\t\t<article class=\"elementor-post elementor-grid-item post-11433 post type-post status-publish format-standard hentry category-pub-seguridad-prevencion category-publicaciones\" role=\"listitem\">\n\t\t\t\t<div class=\"elementor-post__text\">\n\t\t\t\t<h3 class=\"elementor-post__title\">\n\t\t\t<a href=\"https:\/\/funpadem.org\/index.php\/2023\/05\/10\/el-camino-a-seguir\/\" >\n\t\t\t\tEl camino a seguir\t\t\t<\/a>\n\t\t<\/h3>\n\t\t\t\t<div class=\"elementor-post__meta-data\">\n\t\t\t\t\t<span class=\"elementor-post-date\">\n\t\t\t10 mayo, 2023\t\t<\/span>\n\t\t\t\t<\/div>\n\t\t\t\t<div class=\"elementor-post__excerpt\">\n\t\t\t<p>Categor\u00eda: Prevenci\u00f3n de la violencia Campa\u00f1a: Por un pa\u00eds libre de armas aut\u00f3nomas, la tecnolog\u00eda al servicio de la paz.\u00a0 El creciente impulso hacia la<\/p>\n\t\t<\/div>\n\t\t\n\t\t<a class=\"elementor-post__read-more\" href=\"https:\/\/funpadem.org\/index.php\/2023\/05\/10\/el-camino-a-seguir\/\" aria-label=\"M\u00e1s informaci\u00f3n sobre El camino a seguir\" tabindex=\"-1\" >\n\t\t\tVer M\u00e1s\t\t<\/a>\n\n\t\t\t\t<\/div>\n\t\t\t\t<\/article>\n\t\t\t\t<article class=\"elementor-post elementor-grid-item post-11425 post type-post status-publish format-standard hentry category-pub-seguridad-prevencion category-publicaciones\" role=\"listitem\">\n\t\t\t\t<div class=\"elementor-post__text\">\n\t\t\t\t<h3 class=\"elementor-post__title\">\n\t\t\t<a href=\"https:\/\/funpadem.org\/index.php\/2023\/05\/10\/skr-guia-resp-politicos\/\" >\n\t\t\t\tGu\u00eda para responsables pol\u00edticos\t\t\t<\/a>\n\t\t<\/h3>\n\t\t\t\t<div class=\"elementor-post__meta-data\">\n\t\t\t\t\t<span class=\"elementor-post-date\">\n\t\t\t10 mayo, 2023\t\t<\/span>\n\t\t\t\t<\/div>\n\t\t\t\t<div class=\"elementor-post__excerpt\">\n\t\t\t<p>Categor\u00eda: Prevenci\u00f3n de la violencia Campa\u00f1a: Por un pa\u00eds libre de armas aut\u00f3nomas, la tecnolog\u00eda al servicio de la paz.\u00a0 Gracias a la mayor funcionalidad<\/p>\n\t\t<\/div>\n\t\t\n\t\t<a class=\"elementor-post__read-more\" href=\"https:\/\/funpadem.org\/index.php\/2023\/05\/10\/skr-guia-resp-politicos\/\" aria-label=\"M\u00e1s informaci\u00f3n sobre Gu\u00eda para responsables pol\u00edticos\" tabindex=\"-1\" >\n\t\t\tVer M\u00e1s\t\t<\/a>\n\n\t\t\t\t<\/div>\n\t\t\t\t<\/article>\n\t\t\t\t<article class=\"elementor-post elementor-grid-item post-10164 post type-post status-publish format-standard hentry category-pub-seguridad-prevencion category-publicaciones\" role=\"listitem\">\n\t\t\t\t<div class=\"elementor-post__text\">\n\t\t\t\t<h3 class=\"elementor-post__title\">\n\t\t\t<a href=\"https:\/\/funpadem.org\/index.php\/2022\/05\/03\/2022-manual-operativo-mdgp\/\" >\n\t\t\t\t(2022) Modelo de Gesti\u00f3n Policial\t\t\t<\/a>\n\t\t<\/h3>\n\t\t\t\t<div class=\"elementor-post__meta-data\">\n\t\t\t\t\t<span class=\"elementor-post-date\">\n\t\t\t3 mayo, 2022\t\t<\/span>\n\t\t\t\t<\/div>\n\t\t\t\t<div class=\"elementor-post__excerpt\">\n\t\t\t<p>Categor\u00eda: Prevenci\u00f3n de la violenciaProyecto:\u00a0Modernizaci\u00f3n del Modelo Policial Preventivo de la Fuerza P\u00fablica de Costa Rica: Creaci\u00f3n e implementaci\u00f3n de la Estrategia Policial Orientada a<\/p>\n\t\t<\/div>\n\t\t\n\t\t<a class=\"elementor-post__read-more\" href=\"https:\/\/funpadem.org\/index.php\/2022\/05\/03\/2022-manual-operativo-mdgp\/\" aria-label=\"M\u00e1s informaci\u00f3n sobre (2022) Modelo de Gesti\u00f3n Policial\" tabindex=\"-1\" >\n\t\t\tVer M\u00e1s\t\t<\/a>\n\n\t\t\t\t<\/div>\n\t\t\t\t<\/article>\n\t\t\t\t<\/div>\n\t\t\n\t\t\t\t<div class=\"e-load-more-anchor\" data-page=\"1\" data-max-page=\"8\" data-next-page=\"https:\/\/funpadem.org\/index.php\/wp-json\/wp\/v2\/pages\/8583\/page\/2\/\"><\/div>\n\t\t\t\t<nav class=\"elementor-pagination\" aria-label=\"Paginaci\u00f3n\">\n\t\t\t<span class=\"page-numbers prev\">&laquo; Anterior<\/span>\n<span aria-current=\"page\" class=\"page-numbers current\"><span class=\"elementor-screen-only\">P\u00e1gina<\/span>1<\/span>\n<a class=\"page-numbers\" href=\"https:\/\/funpadem.org\/index.php\/wp-json\/wp\/v2\/pages\/8583\/page\/2\/\"><span class=\"elementor-screen-only\">P\u00e1gina<\/span>2<\/a>\n<a class=\"page-numbers\" href=\"https:\/\/funpadem.org\/index.php\/wp-json\/wp\/v2\/pages\/8583\/page\/3\/\"><span class=\"elementor-screen-only\">P\u00e1gina<\/span>3<\/a>\n<a class=\"page-numbers\" href=\"https:\/\/funpadem.org\/index.php\/wp-json\/wp\/v2\/pages\/8583\/page\/4\/\"><span class=\"elementor-screen-only\">P\u00e1gina<\/span>4<\/a>\n<a class=\"page-numbers\" href=\"https:\/\/funpadem.org\/index.php\/wp-json\/wp\/v2\/pages\/8583\/page\/5\/\"><span class=\"elementor-screen-only\">P\u00e1gina<\/span>5<\/a>\n<a class=\"page-numbers next\" href=\"https:\/\/funpadem.org\/index.php\/wp-json\/wp\/v2\/pages\/8583\/page\/2\/\">Siguiente &raquo;<\/a>\t\t<\/nav>\n\t\t\t\t\t\t<\/div>\n\t\t\t\t<\/div>\n\t\t\t\t\t<\/div>\n\t\t<\/div>\n\t\t\t\t\t<\/div>\n\t\t<\/section>\n\t\t\t\t<\/div>\n\t\t","protected":false},"excerpt":{"rendered":"","protected":false},"author":1,"featured_media":0,"parent":0,"menu_order":0,"comment_status":"closed","ping_status":"closed","template":"elementor_header_footer","meta":{"_bbp_topic_count":0,"_bbp_reply_count":0,"_bbp_total_topic_count":0,"_bbp_total_reply_count":0,"_bbp_voice_count":0,"_bbp_anonymous_reply_count":0,"_bbp_topic_count_hidden":0,"_bbp_reply_count_hidden":0,"_bbp_forum_subforum_count":0,"footnotes":""},"class_list":["post-8583","page","type-page","status-publish","hentry"],"_links":{"self":[{"href":"https:\/\/funpadem.org\/index.php\/wp-json\/wp\/v2\/pages\/8583","targetHints":{"allow":["GET"]}}],"collection":[{"href":"https:\/\/funpadem.org\/index.php\/wp-json\/wp\/v2\/pages"}],"about":[{"href":"https:\/\/funpadem.org\/index.php\/wp-json\/wp\/v2\/types\/page"}],"author":[{"embeddable":true,"href":"https:\/\/funpadem.org\/index.php\/wp-json\/wp\/v2\/users\/1"}],"replies":[{"embeddable":true,"href":"https:\/\/funpadem.org\/index.php\/wp-json\/wp\/v2\/comments?post=8583"}],"version-history":[{"count":7,"href":"https:\/\/funpadem.org\/index.php\/wp-json\/wp\/v2\/pages\/8583\/revisions"}],"predecessor-version":[{"id":8615,"href":"https:\/\/funpadem.org\/index.php\/wp-json\/wp\/v2\/pages\/8583\/revisions\/8615"}],"wp:attachment":[{"href":"https:\/\/funpadem.org\/index.php\/wp-json\/wp\/v2\/media?parent=8583"}],"curies":[{"name":"wp","href":"https:\/\/api.w.org\/{rel}","templated":true}]}}