{"id":9463,"date":"2022-02-24T16:07:21","date_gmt":"2022-02-24T22:07:21","guid":{"rendered":"https:\/\/funpadem.org\/?page_id=9463"},"modified":"2022-02-24T16:10:46","modified_gmt":"2022-02-24T22:10:46","slug":"noticias-2022","status":"publish","type":"page","link":"https:\/\/funpadem.org\/index.php\/noticias-2022\/","title":{"rendered":"Noticias 2022"},"content":{"rendered":"\t\t<div data-elementor-type=\"wp-page\" data-elementor-id=\"9463\" class=\"elementor elementor-9463\" data-elementor-post-type=\"page\">\n\t\t\t\t\t\t<section class=\"elementor-section elementor-top-section elementor-element elementor-element-ef5bf51 elementor-section-stretched elementor-section-boxed elementor-section-height-default elementor-section-height-default\" data-id=\"ef5bf51\" data-element_type=\"section\" data-settings=\"{&quot;stretch_section&quot;:&quot;section-stretched&quot;}\">\n\t\t\t\t\t\t<div class=\"elementor-container elementor-column-gap-default\">\n\t\t\t\t\t<div class=\"elementor-column elementor-col-100 elementor-top-column elementor-element elementor-element-2d61e4f\" data-id=\"2d61e4f\" data-element_type=\"column\">\n\t\t\t<div class=\"elementor-widget-wrap elementor-element-populated\">\n\t\t\t\t\t\t<div class=\"elementor-element elementor-element-5263351 elementor-widget elementor-widget-template\" data-id=\"5263351\" data-element_type=\"widget\" data-widget_type=\"template.default\">\n\t\t\t\t<div class=\"elementor-widget-container\">\n\t\t\t\t\t\t\t<div class=\"elementor-template\">\n\t\t\t\t\t<div data-elementor-type=\"page\" data-elementor-id=\"8481\" class=\"elementor elementor-8481\" data-elementor-post-type=\"elementor_library\">\n\t\t\t\t\t\t<section class=\"elementor-section elementor-top-section elementor-element elementor-element-712e00ef elementor-section-content-middle elementor-section-boxed elementor-section-height-default elementor-section-height-default\" data-id=\"712e00ef\" data-element_type=\"section\" data-settings=\"{&quot;background_background&quot;:&quot;classic&quot;}\">\n\t\t\t\t\t\t<div class=\"elementor-container elementor-column-gap-default\">\n\t\t\t\t\t<div class=\"elementor-column elementor-col-100 elementor-top-column elementor-element elementor-element-69f616de elementor-hidden-phone elementor-hidden-tablet\" data-id=\"69f616de\" data-element_type=\"column\">\n\t\t\t<div class=\"elementor-widget-wrap elementor-element-populated\">\n\t\t\t\t\t\t<div class=\"elementor-element elementor-element-d376eba elementor-widget elementor-widget-heading\" data-id=\"d376eba\" data-element_type=\"widget\" data-widget_type=\"heading.default\">\n\t\t\t\t<div class=\"elementor-widget-container\">\n\t\t\t\t\t<h2 class=\"elementor-heading-title elementor-size-default\">Noticias<\/h2>\t\t\t\t<\/div>\n\t\t\t\t<\/div>\n\t\t\t\t\t<\/div>\n\t\t<\/div>\n\t\t\t\t\t<\/div>\n\t\t<\/section>\n\t\t\t\t<section class=\"elementor-section elementor-top-section elementor-element elementor-element-6a83ab71 elementor-section-content-middle elementor-section-boxed elementor-section-height-default elementor-section-height-default\" data-id=\"6a83ab71\" data-element_type=\"section\">\n\t\t\t\t\t\t<div class=\"elementor-container elementor-column-gap-default\">\n\t\t\t\t\t<div class=\"elementor-column elementor-col-100 elementor-top-column elementor-element elementor-element-4a596652\" data-id=\"4a596652\" data-element_type=\"column\">\n\t\t\t<div class=\"elementor-widget-wrap elementor-element-populated\">\n\t\t\t\t\t\t<section class=\"elementor-section elementor-inner-section elementor-element elementor-element-401376e4 elementor-section-content-middle elementor-section-boxed elementor-section-height-default elementor-section-height-default\" data-id=\"401376e4\" data-element_type=\"section\" data-settings=\"{&quot;background_background&quot;:&quot;classic&quot;}\">\n\t\t\t\t\t\t<div class=\"elementor-container elementor-column-gap-default\">\n\t\t\t\t\t<div class=\"elementor-column elementor-col-100 elementor-inner-column elementor-element elementor-element-7743ff08\" data-id=\"7743ff08\" data-element_type=\"column\">\n\t\t\t<div class=\"elementor-widget-wrap elementor-element-populated\">\n\t\t\t\t\t\t<div class=\"elementor-element elementor-element-b35ce41 elementor-widget elementor-widget-ekit-nav-menu\" data-id=\"b35ce41\" data-element_type=\"widget\" data-widget_type=\"ekit-nav-menu.default\">\n\t\t\t\t<div class=\"elementor-widget-container\">\n\t\t\t\t\t\t\t<nav class=\"ekit-wid-con ekit_menu_responsive_tablet\" \n\t\t\tdata-hamburger-icon=\"icon icon-menu-11\" \n\t\t\tdata-hamburger-icon-type=\"icon\" \n\t\t\tdata-responsive-breakpoint=\"1024\">\n\t\t\t            <button class=\"elementskit-menu-hamburger elementskit-menu-toggler\"  type=\"button\" aria-label=\"hamburger-icon\">\n                <i aria-hidden=\"true\" class=\"ekit-menu-icon icon icon-menu-11\"><\/i>            <\/button>\n            <div id=\"ekit-megamenu-filtros-noticias\" class=\"elementskit-menu-container elementskit-menu-offcanvas-elements elementskit-navbar-nav-default ekit-nav-menu-one-page-no ekit-nav-dropdown-hover\"><ul id=\"menu-filtros-noticias\" class=\"elementskit-navbar-nav elementskit-menu-po-center submenu-click-on-icon\"><li id=\"menu-item-8578\" class=\"menu-item menu-item-type-post_type menu-item-object-page menu-item-8578 nav-item elementskit-mobile-builder-content\" data-vertical-menu=750px><a href=\"https:\/\/funpadem.org\/index.php\/todas-las-noticias\/\" class=\"ekit-menu-nav-link\">Todas las Noticias<div class=\"icon-wrapper\"> <\/div><\/a><\/li>\n<li id=\"menu-item-8582\" class=\"menu-item menu-item-type-post_type menu-item-object-page menu-item-8582 nav-item elementskit-mobile-builder-content\" data-vertical-menu=750px><a href=\"https:\/\/funpadem.org\/index.php\/noticias-2018\/\" class=\"ekit-menu-nav-link\">2018<div class=\"icon-wrapper\"> <\/div><\/a><\/li>\n<li id=\"menu-item-8581\" class=\"menu-item menu-item-type-post_type menu-item-object-page menu-item-8581 nav-item elementskit-mobile-builder-content\" data-vertical-menu=750px><a href=\"https:\/\/funpadem.org\/index.php\/noticias-2019\/\" class=\"ekit-menu-nav-link\">2019<div class=\"icon-wrapper\"> <\/div><\/a><\/li>\n<li id=\"menu-item-8580\" class=\"menu-item menu-item-type-post_type menu-item-object-page menu-item-8580 nav-item elementskit-mobile-builder-content\" data-vertical-menu=750px><a href=\"https:\/\/funpadem.org\/index.php\/noticias-2020\/\" class=\"ekit-menu-nav-link\">2020<div class=\"icon-wrapper\"> <\/div><\/a><\/li>\n<li id=\"menu-item-8579\" class=\"menu-item menu-item-type-post_type menu-item-object-page menu-item-8579 nav-item elementskit-mobile-builder-content\" data-vertical-menu=750px><a href=\"https:\/\/funpadem.org\/index.php\/noticias-2021\/\" class=\"ekit-menu-nav-link\">2021<div class=\"icon-wrapper\"> <\/div><\/a><\/li>\n<li id=\"menu-item-9469\" class=\"menu-item menu-item-type-post_type menu-item-object-page menu-item-9469 nav-item elementskit-mobile-builder-content\" data-vertical-menu=750px><a href=\"https:\/\/funpadem.org\/index.php\/noticias-2022\/\" class=\"ekit-menu-nav-link\">2022<div class=\"icon-wrapper\"> <\/div><\/a><\/li>\n<li id=\"menu-item-11276\" class=\"menu-item menu-item-type-post_type menu-item-object-page menu-item-11276 nav-item elementskit-mobile-builder-content\" data-vertical-menu=750px><a href=\"https:\/\/funpadem.org\/index.php\/noticias-2023\/\" class=\"ekit-menu-nav-link\">2023<div class=\"icon-wrapper\"> <\/div><\/a><\/li>\n<li id=\"menu-item-17929\" class=\"menu-item menu-item-type-post_type menu-item-object-page menu-item-17929 nav-item elementskit-mobile-builder-content\" data-vertical-menu=750px><a href=\"https:\/\/funpadem.org\/index.php\/noticias-2024\/\" class=\"ekit-menu-nav-link\">2024<div class=\"icon-wrapper\"> <\/div><\/a><\/li>\n<\/ul><div class=\"elementskit-nav-identity-panel\"><a class=\"elementskit-nav-logo\" href=\"https:\/\/funpadem.org\" target=\"\" rel=\"\"><img src=\"https:\/\/funpadem.org\/wp-content\/uploads\/2021\/09\/logo-black@2x.png\" title=\"logo-black@2x.png\" alt=\"logo-black@2x.png\" decoding=\"async\" \/><\/a><button class=\"elementskit-menu-close elementskit-menu-toggler\" type=\"button\">X<\/button><\/div><\/div>\t\t\t\n\t\t\t<div class=\"elementskit-menu-overlay elementskit-menu-offcanvas-elements elementskit-menu-toggler ekit-nav-menu--overlay\"><\/div>        <\/nav>\n\t\t\t\t\t\t<\/div>\n\t\t\t\t<\/div>\n\t\t\t\t\t<\/div>\n\t\t<\/div>\n\t\t\t\t\t<\/div>\n\t\t<\/section>\n\t\t\t\t\t<\/div>\n\t\t<\/div>\n\t\t\t\t\t<\/div>\n\t\t<\/section>\n\t\t\t\t<\/div>\n\t\t\t\t<\/div>\n\t\t\t\t\t\t<\/div>\n\t\t\t\t<\/div>\n\t\t\t\t\t<\/div>\n\t\t<\/div>\n\t\t\t\t\t<\/div>\n\t\t<\/section>\n\t\t\t\t<section class=\"elementor-section elementor-top-section elementor-element elementor-element-88f21e3 elementor-section-stretched elementor-section-boxed elementor-section-height-default elementor-section-height-default\" data-id=\"88f21e3\" data-element_type=\"section\" data-settings=\"{&quot;stretch_section&quot;:&quot;section-stretched&quot;}\">\n\t\t\t\t\t\t<div class=\"elementor-container elementor-column-gap-default\">\n\t\t\t\t\t<div class=\"elementor-column elementor-col-100 elementor-top-column elementor-element elementor-element-c2d33d4\" data-id=\"c2d33d4\" data-element_type=\"column\">\n\t\t\t<div class=\"elementor-widget-wrap elementor-element-populated\">\n\t\t\t\t\t\t<div class=\"elementor-element elementor-element-c63cd5b elementor-grid-3 elementor-grid-tablet-2 elementor-grid-mobile-1 elementor-posts--thumbnail-top elementor-widget elementor-widget-posts\" data-id=\"c63cd5b\" data-element_type=\"widget\" data-settings=\"{&quot;pagination_type&quot;:&quot;numbers_and_prev_next&quot;,&quot;classic_columns&quot;:&quot;3&quot;,&quot;classic_columns_tablet&quot;:&quot;2&quot;,&quot;classic_columns_mobile&quot;:&quot;1&quot;,&quot;classic_row_gap&quot;:{&quot;unit&quot;:&quot;px&quot;,&quot;size&quot;:35,&quot;sizes&quot;:[]},&quot;classic_row_gap_tablet&quot;:{&quot;unit&quot;:&quot;px&quot;,&quot;size&quot;:&quot;&quot;,&quot;sizes&quot;:[]},&quot;classic_row_gap_mobile&quot;:{&quot;unit&quot;:&quot;px&quot;,&quot;size&quot;:&quot;&quot;,&quot;sizes&quot;:[]}}\" data-widget_type=\"posts.classic\">\n\t\t\t\t<div class=\"elementor-widget-container\">\n\t\t\t\t\t\t\t<div class=\"elementor-posts-container elementor-posts elementor-posts--skin-classic elementor-grid\" role=\"list\">\n\t\t\t\t<article class=\"elementor-post elementor-grid-item post-10090 post type-post status-publish format-standard has-post-thumbnail hentry category-noticias category-106\" role=\"listitem\">\n\t\t\t\t<a class=\"elementor-post__thumbnail__link\" href=\"https:\/\/funpadem.org\/index.php\/2022\/03\/23\/unidad-laboral-de-defensa-publica-presenta-revista-juridica\/\" tabindex=\"-1\" >\n\t\t\t<div class=\"elementor-post__thumbnail\"><img fetchpriority=\"high\" decoding=\"async\" width=\"300\" height=\"200\" src=\"https:\/\/funpadem.org\/wp-content\/uploads\/2022\/03\/2022.-Revista-DP_-USDOL-300x200.jpg\" class=\"attachment-medium size-medium wp-image-10118\" alt=\"\" srcset=\"https:\/\/funpadem.org\/wp-content\/uploads\/2022\/03\/2022.-Revista-DP_-USDOL-300x200.jpg 300w, https:\/\/funpadem.org\/wp-content\/uploads\/2022\/03\/2022.-Revista-DP_-USDOL-1024x683.jpg 1024w, https:\/\/funpadem.org\/wp-content\/uploads\/2022\/03\/2022.-Revista-DP_-USDOL-768x512.jpg 768w, https:\/\/funpadem.org\/wp-content\/uploads\/2022\/03\/2022.-Revista-DP_-USDOL-1536x1024.jpg 1536w, https:\/\/funpadem.org\/wp-content\/uploads\/2022\/03\/2022.-Revista-DP_-USDOL-2048x1365.jpg 2048w, https:\/\/funpadem.org\/wp-content\/uploads\/2022\/03\/2022.-Revista-DP_-USDOL-990x660.jpg 990w, https:\/\/funpadem.org\/wp-content\/uploads\/2022\/03\/2022.-Revista-DP_-USDOL-441x294.jpg 441w, https:\/\/funpadem.org\/wp-content\/uploads\/2022\/03\/2022.-Revista-DP_-USDOL-600x400.jpg 600w, https:\/\/funpadem.org\/wp-content\/uploads\/2022\/03\/2022.-Revista-DP_-USDOL-150x100.jpg 150w\" sizes=\"(max-width: 300px) 100vw, 300px\" \/><\/div>\n\t\t<\/a>\n\t\t\t\t<div class=\"elementor-post__text\">\n\t\t\t\t<h3 class=\"elementor-post__title\">\n\t\t\t<a href=\"https:\/\/funpadem.org\/index.php\/2022\/03\/23\/unidad-laboral-de-defensa-publica-presenta-revista-juridica\/\" >\n\t\t\t\tUnidad Laboral de Defensa P\u00fablica presenta revista jur\u00eddica\t\t\t<\/a>\n\t\t<\/h3>\n\t\t\t\t<div class=\"elementor-post__meta-data\">\n\t\t\t\t\t<span class=\"elementor-post-date\">\n\t\t\t23 marzo, 2022\t\t<\/span>\n\t\t\t\t<\/div>\n\t\t\t\t<div class=\"elementor-post__excerpt\">\n\t\t\t<p>Fecha: San Jos\u00e9, 23 de Marzo 2022 A cinco a\u00f1os de la entrada en vigencia de la reforma procesal laboral, la Defensa P\u00fablica present\u00f3 la<\/p>\n\t\t<\/div>\n\t\t\n\t\t<a class=\"elementor-post__read-more\" href=\"https:\/\/funpadem.org\/index.php\/2022\/03\/23\/unidad-laboral-de-defensa-publica-presenta-revista-juridica\/\" aria-label=\"M\u00e1s informaci\u00f3n sobre Unidad Laboral de Defensa P\u00fablica presenta revista jur\u00eddica\" tabindex=\"-1\" >\n\t\t\tVer M\u00e1s\t\t<\/a>\n\n\t\t\t\t<\/div>\n\t\t\t\t<\/article>\n\t\t\t\t<\/div>\n\t\t\n\t\t\t\t\t\t<\/div>\n\t\t\t\t<\/div>\n\t\t\t\t\t<\/div>\n\t\t<\/div>\n\t\t\t\t\t<\/div>\n\t\t<\/section>\n\t\t\t\t<\/div>\n\t\t","protected":false},"excerpt":{"rendered":"","protected":false},"author":2,"featured_media":0,"parent":0,"menu_order":0,"comment_status":"closed","ping_status":"closed","template":"elementor_header_footer","meta":{"_bbp_topic_count":0,"_bbp_reply_count":0,"_bbp_total_topic_count":0,"_bbp_total_reply_count":0,"_bbp_voice_count":0,"_bbp_anonymous_reply_count":0,"_bbp_topic_count_hidden":0,"_bbp_reply_count_hidden":0,"_bbp_forum_subforum_count":0,"footnotes":""},"class_list":["post-9463","page","type-page","status-publish","hentry"],"_links":{"self":[{"href":"https:\/\/funpadem.org\/index.php\/wp-json\/wp\/v2\/pages\/9463","targetHints":{"allow":["GET"]}}],"collection":[{"href":"https:\/\/funpadem.org\/index.php\/wp-json\/wp\/v2\/pages"}],"about":[{"href":"https:\/\/funpadem.org\/index.php\/wp-json\/wp\/v2\/types\/page"}],"author":[{"embeddable":true,"href":"https:\/\/funpadem.org\/index.php\/wp-json\/wp\/v2\/users\/2"}],"replies":[{"embeddable":true,"href":"https:\/\/funpadem.org\/index.php\/wp-json\/wp\/v2\/comments?post=9463"}],"version-history":[{"count":4,"href":"https:\/\/funpadem.org\/index.php\/wp-json\/wp\/v2\/pages\/9463\/revisions"}],"predecessor-version":[{"id":9467,"href":"https:\/\/funpadem.org\/index.php\/wp-json\/wp\/v2\/pages\/9463\/revisions\/9467"}],"wp:attachment":[{"href":"https:\/\/funpadem.org\/index.php\/wp-json\/wp\/v2\/media?parent=9463"}],"curies":[{"name":"wp","href":"https:\/\/api.w.org\/{rel}","templated":true}]}}