{"id":9470,"date":"2022-02-24T16:25:28","date_gmt":"2022-02-24T22:25:28","guid":{"rendered":"https:\/\/funpadem.org\/?page_id=9470"},"modified":"2022-02-24T18:18:35","modified_gmt":"2022-02-25T00:18:35","slug":"cuadernillos","status":"publish","type":"page","link":"https:\/\/funpadem.org\/index.php\/cuadernillos\/","title":{"rendered":"Cuadernillos"},"content":{"rendered":"\t\t<div data-elementor-type=\"wp-page\" data-elementor-id=\"9470\" class=\"elementor elementor-9470\" data-elementor-post-type=\"page\">\n\t\t\t\t\t\t<section class=\"elementor-section elementor-top-section elementor-element elementor-element-ef5bf51 elementor-section-stretched elementor-section-boxed elementor-section-height-default elementor-section-height-default\" data-id=\"ef5bf51\" data-element_type=\"section\" data-settings=\"{&quot;stretch_section&quot;:&quot;section-stretched&quot;}\">\n\t\t\t\t\t\t<div class=\"elementor-container elementor-column-gap-default\">\n\t\t\t\t\t<div class=\"elementor-column elementor-col-100 elementor-top-column elementor-element elementor-element-2d61e4f\" data-id=\"2d61e4f\" data-element_type=\"column\">\n\t\t\t<div class=\"elementor-widget-wrap elementor-element-populated\">\n\t\t\t\t\t\t<div class=\"elementor-element elementor-element-5263351 elementor-widget elementor-widget-template\" data-id=\"5263351\" data-element_type=\"widget\" data-widget_type=\"template.default\">\n\t\t\t\t<div class=\"elementor-widget-container\">\n\t\t\t\t\t\t\t<div class=\"elementor-template\">\n\t\t\t\t\t<div data-elementor-type=\"page\" data-elementor-id=\"9550\" class=\"elementor elementor-9550\" data-elementor-post-type=\"elementor_library\">\n\t\t\t\t\t\t<section class=\"elementor-section elementor-top-section elementor-element elementor-element-712e00ef elementor-section-content-middle elementor-section-boxed elementor-section-height-default elementor-section-height-default\" data-id=\"712e00ef\" data-element_type=\"section\" data-settings=\"{&quot;background_background&quot;:&quot;classic&quot;}\">\n\t\t\t\t\t\t<div class=\"elementor-container elementor-column-gap-default\">\n\t\t\t\t\t<div class=\"elementor-column elementor-col-100 elementor-top-column elementor-element elementor-element-69f616de elementor-hidden-phone elementor-hidden-tablet\" data-id=\"69f616de\" data-element_type=\"column\">\n\t\t\t<div class=\"elementor-widget-wrap elementor-element-populated\">\n\t\t\t\t\t\t<div class=\"elementor-element elementor-element-d376eba elementor-widget elementor-widget-heading\" data-id=\"d376eba\" data-element_type=\"widget\" data-widget_type=\"heading.default\">\n\t\t\t\t<div class=\"elementor-widget-container\">\n\t\t\t\t\t<h2 class=\"elementor-heading-title elementor-size-default\">Cuadernillos<\/h2>\t\t\t\t<\/div>\n\t\t\t\t<\/div>\n\t\t\t\t\t<\/div>\n\t\t<\/div>\n\t\t\t\t\t<\/div>\n\t\t<\/section>\n\t\t\t\t<section class=\"elementor-section elementor-top-section elementor-element elementor-element-6a83ab71 elementor-section-content-middle elementor-section-boxed elementor-section-height-default elementor-section-height-default\" data-id=\"6a83ab71\" data-element_type=\"section\">\n\t\t\t\t\t\t<div class=\"elementor-container elementor-column-gap-default\">\n\t\t\t\t\t<div class=\"elementor-column elementor-col-100 elementor-top-column elementor-element elementor-element-4a596652\" data-id=\"4a596652\" data-element_type=\"column\">\n\t\t\t<div class=\"elementor-widget-wrap elementor-element-populated\">\n\t\t\t\t\t\t<section class=\"elementor-section elementor-inner-section elementor-element elementor-element-401376e4 elementor-section-content-middle elementor-section-boxed elementor-section-height-default elementor-section-height-default\" data-id=\"401376e4\" data-element_type=\"section\" data-settings=\"{&quot;background_background&quot;:&quot;classic&quot;}\">\n\t\t\t\t\t\t<div class=\"elementor-container elementor-column-gap-default\">\n\t\t\t\t\t<div class=\"elementor-column elementor-col-100 elementor-inner-column elementor-element elementor-element-7743ff08\" data-id=\"7743ff08\" data-element_type=\"column\">\n\t\t\t<div class=\"elementor-widget-wrap elementor-element-populated\">\n\t\t\t\t\t\t<div class=\"elementor-element elementor-element-b35ce41 elementor-widget elementor-widget-ekit-nav-menu\" data-id=\"b35ce41\" data-element_type=\"widget\" data-widget_type=\"ekit-nav-menu.default\">\n\t\t\t\t<div class=\"elementor-widget-container\">\n\t\t\t\t\t\t\t<nav class=\"ekit-wid-con ekit_menu_responsive_tablet\" \n\t\t\tdata-hamburger-icon=\"icon icon-menu-11\" \n\t\t\tdata-hamburger-icon-type=\"icon\" \n\t\t\tdata-responsive-breakpoint=\"1024\">\n\t\t\t            <button class=\"elementskit-menu-hamburger elementskit-menu-toggler\"  type=\"button\" aria-label=\"hamburger-icon\">\n                <i aria-hidden=\"true\" class=\"ekit-menu-icon icon icon-menu-11\"><\/i>            <\/button>\n            <div id=\"ekit-megamenu-cuadernillos\" class=\"elementskit-menu-container elementskit-menu-offcanvas-elements elementskit-navbar-nav-default ekit-nav-menu-one-page-no ekit-nav-dropdown-hover\"><ul id=\"menu-cuadernillos\" class=\"elementskit-navbar-nav elementskit-menu-po-center submenu-click-on-icon\"><li id=\"menu-item-9732\" class=\"menu-item menu-item-type-custom menu-item-object-custom menu-item-9732 nav-item elementskit-mobile-builder-content\" data-vertical-menu=750px><a href=\"https:\/\/funpadem.org\/index.php\/cuadernillos\/\" class=\"ekit-menu-nav-link\">Todas las publicaciones<\/a><\/li>\n<\/ul><div class=\"elementskit-nav-identity-panel\"><a class=\"elementskit-nav-logo\" href=\"https:\/\/funpadem.org\" target=\"\" rel=\"\"><img src=\"https:\/\/funpadem.org\/wp-content\/uploads\/2021\/09\/logo-black@2x.png\" title=\"logo-black@2x.png\" alt=\"logo-black@2x.png\" decoding=\"async\" \/><\/a><button class=\"elementskit-menu-close elementskit-menu-toggler\" type=\"button\">X<\/button><\/div><\/div>\t\t\t\n\t\t\t<div class=\"elementskit-menu-overlay elementskit-menu-offcanvas-elements elementskit-menu-toggler ekit-nav-menu--overlay\"><\/div>        <\/nav>\n\t\t\t\t\t\t<\/div>\n\t\t\t\t<\/div>\n\t\t\t\t\t<\/div>\n\t\t<\/div>\n\t\t\t\t\t<\/div>\n\t\t<\/section>\n\t\t\t\t\t<\/div>\n\t\t<\/div>\n\t\t\t\t\t<\/div>\n\t\t<\/section>\n\t\t\t\t<\/div>\n\t\t\t\t<\/div>\n\t\t\t\t\t\t<\/div>\n\t\t\t\t<\/div>\n\t\t\t\t\t<\/div>\n\t\t<\/div>\n\t\t\t\t\t<\/div>\n\t\t<\/section>\n\t\t\t\t<section class=\"elementor-section elementor-top-section elementor-element elementor-element-88f21e3 elementor-section-stretched elementor-section-boxed elementor-section-height-default elementor-section-height-default\" data-id=\"88f21e3\" data-element_type=\"section\" data-settings=\"{&quot;stretch_section&quot;:&quot;section-stretched&quot;}\">\n\t\t\t\t\t\t<div class=\"elementor-container elementor-column-gap-default\">\n\t\t\t\t\t<div class=\"elementor-column elementor-col-100 elementor-top-column elementor-element elementor-element-c2d33d4\" data-id=\"c2d33d4\" data-element_type=\"column\">\n\t\t\t<div class=\"elementor-widget-wrap elementor-element-populated\">\n\t\t\t\t\t\t<div class=\"elementor-element elementor-element-c63cd5b elementor-grid-3 elementor-grid-tablet-2 elementor-grid-mobile-1 elementor-posts--thumbnail-top elementor-widget elementor-widget-posts\" data-id=\"c63cd5b\" data-element_type=\"widget\" data-settings=\"{&quot;pagination_type&quot;:&quot;numbers_and_prev_next&quot;,&quot;classic_columns&quot;:&quot;3&quot;,&quot;classic_columns_tablet&quot;:&quot;2&quot;,&quot;classic_columns_mobile&quot;:&quot;1&quot;,&quot;classic_row_gap&quot;:{&quot;unit&quot;:&quot;px&quot;,&quot;size&quot;:35,&quot;sizes&quot;:[]},&quot;classic_row_gap_tablet&quot;:{&quot;unit&quot;:&quot;px&quot;,&quot;size&quot;:&quot;&quot;,&quot;sizes&quot;:[]},&quot;classic_row_gap_mobile&quot;:{&quot;unit&quot;:&quot;px&quot;,&quot;size&quot;:&quot;&quot;,&quot;sizes&quot;:[]}}\" data-widget_type=\"posts.classic\">\n\t\t\t\t<div class=\"elementor-widget-container\">\n\t\t\t\t\t\t\t<div class=\"elementor-posts-container elementor-posts elementor-posts--skin-classic elementor-grid\" role=\"list\">\n\t\t\t\t<article class=\"elementor-post elementor-grid-item post-9545 post type-post status-publish format-standard has-post-thumbnail hentry category-cuadernillos category-institucional-funpadem\" role=\"listitem\">\n\t\t\t\t<a class=\"elementor-post__thumbnail__link\" href=\"https:\/\/funpadem.org\/index.php\/2022\/02\/24\/normaspublicacioncuadernillos\/\" tabindex=\"-1\" >\n\t\t\t<div class=\"elementor-post__thumbnail\"><img fetchpriority=\"high\" decoding=\"async\" width=\"300\" height=\"191\" src=\"https:\/\/funpadem.org\/wp-content\/uploads\/2022\/02\/CuadernilloNormas-300x191.jpeg\" class=\"attachment-medium size-medium wp-image-9778\" alt=\"\" srcset=\"https:\/\/funpadem.org\/wp-content\/uploads\/2022\/02\/CuadernilloNormas-300x191.jpeg 300w, https:\/\/funpadem.org\/wp-content\/uploads\/2022\/02\/CuadernilloNormas-1024x650.jpeg 1024w, https:\/\/funpadem.org\/wp-content\/uploads\/2022\/02\/CuadernilloNormas-768x488.jpeg 768w, https:\/\/funpadem.org\/wp-content\/uploads\/2022\/02\/CuadernilloNormas-990x629.jpeg 990w, https:\/\/funpadem.org\/wp-content\/uploads\/2022\/02\/CuadernilloNormas-441x280.jpeg 441w, https:\/\/funpadem.org\/wp-content\/uploads\/2022\/02\/CuadernilloNormas-600x381.jpeg 600w, https:\/\/funpadem.org\/wp-content\/uploads\/2022\/02\/CuadernilloNormas-150x95.jpeg 150w, https:\/\/funpadem.org\/wp-content\/uploads\/2022\/02\/CuadernilloNormas.jpeg 1280w\" sizes=\"(max-width: 300px) 100vw, 300px\" \/><\/div>\n\t\t<\/a>\n\t\t\t\t<div class=\"elementor-post__text\">\n\t\t\t\t<h3 class=\"elementor-post__title\">\n\t\t\t<a href=\"https:\/\/funpadem.org\/index.php\/2022\/02\/24\/normaspublicacioncuadernillos\/\" >\n\t\t\t\t(2015) Normas de publicaci\u00f3n para Cuadernillos FUNPADEM\t\t\t<\/a>\n\t\t<\/h3>\n\t\t\t\t<div class=\"elementor-post__meta-data\">\n\t\t\t\t\t<span class=\"elementor-post-date\">\n\t\t\t24 febrero, 2022\t\t<\/span>\n\t\t\t\t<\/div>\n\t\t\t\t<div class=\"elementor-post__excerpt\">\n\t\t\t<p>Categor\u00eda: Centro de Pensamiento Normas de publicaci\u00f3n (2015) Los Cuadernillos de FUNPADEM se enmarcan en nuestro Centro de Pensamiento sobre la Paz y la Democracia<\/p>\n\t\t<\/div>\n\t\t\n\t\t<a class=\"elementor-post__read-more\" href=\"https:\/\/funpadem.org\/index.php\/2022\/02\/24\/normaspublicacioncuadernillos\/\" aria-label=\"M\u00e1s informaci\u00f3n sobre (2015) Normas de publicaci\u00f3n para Cuadernillos FUNPADEM\" tabindex=\"-1\" >\n\t\t\tVer M\u00e1s\t\t<\/a>\n\n\t\t\t\t<\/div>\n\t\t\t\t<\/article>\n\t\t\t\t<article class=\"elementor-post elementor-grid-item post-9537 post type-post status-publish format-standard has-post-thumbnail hentry category-cuadernillos\" role=\"listitem\">\n\t\t\t\t<a class=\"elementor-post__thumbnail__link\" href=\"https:\/\/funpadem.org\/index.php\/2018\/10\/01\/cuadernillo6\/\" tabindex=\"-1\" >\n\t\t\t<div class=\"elementor-post__thumbnail\"><img decoding=\"async\" width=\"300\" height=\"191\" src=\"https:\/\/funpadem.org\/wp-content\/uploads\/2022\/02\/CuadenilloN6-300x191.jpeg\" class=\"attachment-medium size-medium wp-image-9742\" alt=\"\" srcset=\"https:\/\/funpadem.org\/wp-content\/uploads\/2022\/02\/CuadenilloN6-300x191.jpeg 300w, https:\/\/funpadem.org\/wp-content\/uploads\/2022\/02\/CuadenilloN6-1024x650.jpeg 1024w, https:\/\/funpadem.org\/wp-content\/uploads\/2022\/02\/CuadenilloN6-768x488.jpeg 768w, https:\/\/funpadem.org\/wp-content\/uploads\/2022\/02\/CuadenilloN6-990x629.jpeg 990w, https:\/\/funpadem.org\/wp-content\/uploads\/2022\/02\/CuadenilloN6-441x280.jpeg 441w, https:\/\/funpadem.org\/wp-content\/uploads\/2022\/02\/CuadenilloN6-600x381.jpeg 600w, https:\/\/funpadem.org\/wp-content\/uploads\/2022\/02\/CuadenilloN6-150x95.jpeg 150w, https:\/\/funpadem.org\/wp-content\/uploads\/2022\/02\/CuadenilloN6.jpeg 1280w\" sizes=\"(max-width: 300px) 100vw, 300px\" \/><\/div>\n\t\t<\/a>\n\t\t\t\t<div class=\"elementor-post__text\">\n\t\t\t\t<h3 class=\"elementor-post__title\">\n\t\t\t<a href=\"https:\/\/funpadem.org\/index.php\/2018\/10\/01\/cuadernillo6\/\" >\n\t\t\t\t(2018) Cuadernillos de FUNPADEM (N\u00famero 6)\t\t\t<\/a>\n\t\t<\/h3>\n\t\t\t\t<div class=\"elementor-post__meta-data\">\n\t\t\t\t\t<span class=\"elementor-post-date\">\n\t\t\t1 octubre, 2018\t\t<\/span>\n\t\t\t\t<\/div>\n\t\t\t\t<div class=\"elementor-post__excerpt\">\n\t\t\t<p>Categor\u00eda: Centro de Pensamiento Cuadernillo N\u00famero 6 (2018) Los Cuadernillos de FUNPADEM se enmarcan en nuestro Centro de Pensamiento sobre la Paz y la Democracia<\/p>\n\t\t<\/div>\n\t\t\n\t\t<a class=\"elementor-post__read-more\" href=\"https:\/\/funpadem.org\/index.php\/2018\/10\/01\/cuadernillo6\/\" aria-label=\"M\u00e1s informaci\u00f3n sobre (2018) Cuadernillos de FUNPADEM (N\u00famero 6)\" tabindex=\"-1\" >\n\t\t\tVer M\u00e1s\t\t<\/a>\n\n\t\t\t\t<\/div>\n\t\t\t\t<\/article>\n\t\t\t\t<article class=\"elementor-post elementor-grid-item post-9531 post type-post status-publish format-standard has-post-thumbnail hentry category-cuadernillos\" role=\"listitem\">\n\t\t\t\t<a class=\"elementor-post__thumbnail__link\" href=\"https:\/\/funpadem.org\/index.php\/2016\/12\/01\/cuadernillo5\/\" tabindex=\"-1\" >\n\t\t\t<div class=\"elementor-post__thumbnail\"><img decoding=\"async\" width=\"300\" height=\"191\" src=\"https:\/\/funpadem.org\/wp-content\/uploads\/2022\/02\/CuadenilloN5-300x191.jpeg\" class=\"attachment-medium size-medium wp-image-9740\" alt=\"\" srcset=\"https:\/\/funpadem.org\/wp-content\/uploads\/2022\/02\/CuadenilloN5-300x191.jpeg 300w, https:\/\/funpadem.org\/wp-content\/uploads\/2022\/02\/CuadenilloN5-1024x650.jpeg 1024w, https:\/\/funpadem.org\/wp-content\/uploads\/2022\/02\/CuadenilloN5-768x488.jpeg 768w, https:\/\/funpadem.org\/wp-content\/uploads\/2022\/02\/CuadenilloN5-990x629.jpeg 990w, https:\/\/funpadem.org\/wp-content\/uploads\/2022\/02\/CuadenilloN5-441x280.jpeg 441w, https:\/\/funpadem.org\/wp-content\/uploads\/2022\/02\/CuadenilloN5-600x381.jpeg 600w, https:\/\/funpadem.org\/wp-content\/uploads\/2022\/02\/CuadenilloN5-150x95.jpeg 150w, https:\/\/funpadem.org\/wp-content\/uploads\/2022\/02\/CuadenilloN5.jpeg 1280w\" sizes=\"(max-width: 300px) 100vw, 300px\" \/><\/div>\n\t\t<\/a>\n\t\t\t\t<div class=\"elementor-post__text\">\n\t\t\t\t<h3 class=\"elementor-post__title\">\n\t\t\t<a href=\"https:\/\/funpadem.org\/index.php\/2016\/12\/01\/cuadernillo5\/\" >\n\t\t\t\t(2016) Cuadernillos de FUNPADEM (N\u00famero 5)\t\t\t<\/a>\n\t\t<\/h3>\n\t\t\t\t<div class=\"elementor-post__meta-data\">\n\t\t\t\t\t<span class=\"elementor-post-date\">\n\t\t\t1 diciembre, 2016\t\t<\/span>\n\t\t\t\t<\/div>\n\t\t\t\t<div class=\"elementor-post__excerpt\">\n\t\t\t<p>Categor\u00eda: Centro de Pensamiento Cuadernillo N\u00famero 5 (2016) Los Cuadernillos de FUNPADEM se enmarcan en nuestro Centro de Pensamiento sobre la Paz y la Democracia<\/p>\n\t\t<\/div>\n\t\t\n\t\t<a class=\"elementor-post__read-more\" href=\"https:\/\/funpadem.org\/index.php\/2016\/12\/01\/cuadernillo5\/\" aria-label=\"M\u00e1s informaci\u00f3n sobre (2016) Cuadernillos de FUNPADEM (N\u00famero 5)\" tabindex=\"-1\" >\n\t\t\tVer M\u00e1s\t\t<\/a>\n\n\t\t\t\t<\/div>\n\t\t\t\t<\/article>\n\t\t\t\t<article class=\"elementor-post elementor-grid-item post-9522 post type-post status-publish format-standard has-post-thumbnail hentry category-cuadernillos\" role=\"listitem\">\n\t\t\t\t<a class=\"elementor-post__thumbnail__link\" href=\"https:\/\/funpadem.org\/index.php\/2016\/05\/01\/cuadernillo4\/\" tabindex=\"-1\" >\n\t\t\t<div class=\"elementor-post__thumbnail\"><img loading=\"lazy\" decoding=\"async\" width=\"300\" height=\"191\" src=\"https:\/\/funpadem.org\/wp-content\/uploads\/2022\/02\/CuadenilloN4-300x191.jpeg\" class=\"attachment-medium size-medium wp-image-9738\" alt=\"\" srcset=\"https:\/\/funpadem.org\/wp-content\/uploads\/2022\/02\/CuadenilloN4-300x191.jpeg 300w, https:\/\/funpadem.org\/wp-content\/uploads\/2022\/02\/CuadenilloN4-1024x650.jpeg 1024w, https:\/\/funpadem.org\/wp-content\/uploads\/2022\/02\/CuadenilloN4-768x488.jpeg 768w, https:\/\/funpadem.org\/wp-content\/uploads\/2022\/02\/CuadenilloN4-990x629.jpeg 990w, https:\/\/funpadem.org\/wp-content\/uploads\/2022\/02\/CuadenilloN4-441x280.jpeg 441w, https:\/\/funpadem.org\/wp-content\/uploads\/2022\/02\/CuadenilloN4-600x381.jpeg 600w, https:\/\/funpadem.org\/wp-content\/uploads\/2022\/02\/CuadenilloN4-150x95.jpeg 150w, https:\/\/funpadem.org\/wp-content\/uploads\/2022\/02\/CuadenilloN4.jpeg 1280w\" sizes=\"(max-width: 300px) 100vw, 300px\" \/><\/div>\n\t\t<\/a>\n\t\t\t\t<div class=\"elementor-post__text\">\n\t\t\t\t<h3 class=\"elementor-post__title\">\n\t\t\t<a href=\"https:\/\/funpadem.org\/index.php\/2016\/05\/01\/cuadernillo4\/\" >\n\t\t\t\t(2016) Cuadernillos de FUNPADEM (N\u00famero 4)\t\t\t<\/a>\n\t\t<\/h3>\n\t\t\t\t<div class=\"elementor-post__meta-data\">\n\t\t\t\t\t<span class=\"elementor-post-date\">\n\t\t\t1 mayo, 2016\t\t<\/span>\n\t\t\t\t<\/div>\n\t\t\t\t<div class=\"elementor-post__excerpt\">\n\t\t\t<p>Categor\u00eda: Centro de Pensamiento Cuadernillo N\u00famero 4 (2016) Los Cuadernillos de FUNPADEM se enmarcan en nuestro Centro de Pensamiento sobre la Paz y la Democracia<\/p>\n\t\t<\/div>\n\t\t\n\t\t<a class=\"elementor-post__read-more\" href=\"https:\/\/funpadem.org\/index.php\/2016\/05\/01\/cuadernillo4\/\" aria-label=\"M\u00e1s informaci\u00f3n sobre (2016) Cuadernillos de FUNPADEM (N\u00famero 4)\" tabindex=\"-1\" >\n\t\t\tVer M\u00e1s\t\t<\/a>\n\n\t\t\t\t<\/div>\n\t\t\t\t<\/article>\n\t\t\t\t<article class=\"elementor-post elementor-grid-item post-9517 post type-post status-publish format-standard has-post-thumbnail hentry category-cuadernillos\" role=\"listitem\">\n\t\t\t\t<a class=\"elementor-post__thumbnail__link\" href=\"https:\/\/funpadem.org\/index.php\/2015\/10\/01\/2015-cuadernillos-de-funpadem-numero-3\/\" tabindex=\"-1\" >\n\t\t\t<div class=\"elementor-post__thumbnail\"><img loading=\"lazy\" decoding=\"async\" width=\"300\" height=\"191\" src=\"https:\/\/funpadem.org\/wp-content\/uploads\/2022\/02\/CuadenilloN3-300x191.jpeg\" class=\"attachment-medium size-medium wp-image-9746\" alt=\"\" srcset=\"https:\/\/funpadem.org\/wp-content\/uploads\/2022\/02\/CuadenilloN3-300x191.jpeg 300w, https:\/\/funpadem.org\/wp-content\/uploads\/2022\/02\/CuadenilloN3-1024x650.jpeg 1024w, https:\/\/funpadem.org\/wp-content\/uploads\/2022\/02\/CuadenilloN3-768x488.jpeg 768w, https:\/\/funpadem.org\/wp-content\/uploads\/2022\/02\/CuadenilloN3-990x629.jpeg 990w, https:\/\/funpadem.org\/wp-content\/uploads\/2022\/02\/CuadenilloN3-441x280.jpeg 441w, https:\/\/funpadem.org\/wp-content\/uploads\/2022\/02\/CuadenilloN3-600x381.jpeg 600w, https:\/\/funpadem.org\/wp-content\/uploads\/2022\/02\/CuadenilloN3-150x95.jpeg 150w, https:\/\/funpadem.org\/wp-content\/uploads\/2022\/02\/CuadenilloN3.jpeg 1280w\" sizes=\"(max-width: 300px) 100vw, 300px\" \/><\/div>\n\t\t<\/a>\n\t\t\t\t<div class=\"elementor-post__text\">\n\t\t\t\t<h3 class=\"elementor-post__title\">\n\t\t\t<a href=\"https:\/\/funpadem.org\/index.php\/2015\/10\/01\/2015-cuadernillos-de-funpadem-numero-3\/\" >\n\t\t\t\t(2015) Cuadernillos de FUNPADEM (N\u00famero 3)\t\t\t<\/a>\n\t\t<\/h3>\n\t\t\t\t<div class=\"elementor-post__meta-data\">\n\t\t\t\t\t<span class=\"elementor-post-date\">\n\t\t\t1 octubre, 2015\t\t<\/span>\n\t\t\t\t<\/div>\n\t\t\t\t<div class=\"elementor-post__excerpt\">\n\t\t\t<p>Categor\u00eda: Centro de Pensamiento Cuadernillo N\u00famero 3 (2015) Los Cuadernillos de FUNPADEM se enmarcan en nuestro Centro de Pensamiento sobre la Paz y la Democracia<\/p>\n\t\t<\/div>\n\t\t\n\t\t<a class=\"elementor-post__read-more\" href=\"https:\/\/funpadem.org\/index.php\/2015\/10\/01\/2015-cuadernillos-de-funpadem-numero-3\/\" aria-label=\"M\u00e1s informaci\u00f3n sobre (2015) Cuadernillos de FUNPADEM (N\u00famero 3)\" tabindex=\"-1\" >\n\t\t\tVer M\u00e1s\t\t<\/a>\n\n\t\t\t\t<\/div>\n\t\t\t\t<\/article>\n\t\t\t\t<article class=\"elementor-post elementor-grid-item post-9506 post type-post status-publish format-standard has-post-thumbnail hentry category-cuadernillos\" role=\"listitem\">\n\t\t\t\t<a class=\"elementor-post__thumbnail__link\" href=\"https:\/\/funpadem.org\/index.php\/2015\/04\/01\/2015-cuadernillos-de-funpadem-numero-2\/\" tabindex=\"-1\" >\n\t\t\t<div class=\"elementor-post__thumbnail\"><img loading=\"lazy\" decoding=\"async\" width=\"300\" height=\"191\" src=\"https:\/\/funpadem.org\/wp-content\/uploads\/2022\/02\/CuadenilloN2-1-300x191.jpeg\" class=\"attachment-medium size-medium wp-image-9744\" alt=\"\" srcset=\"https:\/\/funpadem.org\/wp-content\/uploads\/2022\/02\/CuadenilloN2-1-300x191.jpeg 300w, https:\/\/funpadem.org\/wp-content\/uploads\/2022\/02\/CuadenilloN2-1-1024x650.jpeg 1024w, https:\/\/funpadem.org\/wp-content\/uploads\/2022\/02\/CuadenilloN2-1-768x488.jpeg 768w, https:\/\/funpadem.org\/wp-content\/uploads\/2022\/02\/CuadenilloN2-1-990x629.jpeg 990w, https:\/\/funpadem.org\/wp-content\/uploads\/2022\/02\/CuadenilloN2-1-441x280.jpeg 441w, https:\/\/funpadem.org\/wp-content\/uploads\/2022\/02\/CuadenilloN2-1-600x381.jpeg 600w, https:\/\/funpadem.org\/wp-content\/uploads\/2022\/02\/CuadenilloN2-1-150x95.jpeg 150w, https:\/\/funpadem.org\/wp-content\/uploads\/2022\/02\/CuadenilloN2-1.jpeg 1280w\" sizes=\"(max-width: 300px) 100vw, 300px\" \/><\/div>\n\t\t<\/a>\n\t\t\t\t<div class=\"elementor-post__text\">\n\t\t\t\t<h3 class=\"elementor-post__title\">\n\t\t\t<a href=\"https:\/\/funpadem.org\/index.php\/2015\/04\/01\/2015-cuadernillos-de-funpadem-numero-2\/\" >\n\t\t\t\t(2015) Cuadernillos de FUNPADEM (N\u00famero 2)\t\t\t<\/a>\n\t\t<\/h3>\n\t\t\t\t<div class=\"elementor-post__meta-data\">\n\t\t\t\t\t<span class=\"elementor-post-date\">\n\t\t\t1 abril, 2015\t\t<\/span>\n\t\t\t\t<\/div>\n\t\t\t\t<div class=\"elementor-post__excerpt\">\n\t\t\t<p>Categor\u00eda: Centro de Pensamiento Cuadernillo N\u00famero 2 (2015) Los Cuadernillos de FUNPADEM se enmarcan en nuestro Centro de Pensamiento sobre la Paz y la Democracia<\/p>\n\t\t<\/div>\n\t\t\n\t\t<a class=\"elementor-post__read-more\" href=\"https:\/\/funpadem.org\/index.php\/2015\/04\/01\/2015-cuadernillos-de-funpadem-numero-2\/\" aria-label=\"M\u00e1s informaci\u00f3n sobre (2015) Cuadernillos de FUNPADEM (N\u00famero 2)\" tabindex=\"-1\" >\n\t\t\tVer M\u00e1s\t\t<\/a>\n\n\t\t\t\t<\/div>\n\t\t\t\t<\/article>\n\t\t\t\t<article class=\"elementor-post elementor-grid-item post-9475 post type-post status-publish format-standard has-post-thumbnail hentry category-cuadernillos\" role=\"listitem\">\n\t\t\t\t<a class=\"elementor-post__thumbnail__link\" href=\"https:\/\/funpadem.org\/index.php\/2014\/10\/01\/cuadernillofunpadem1\/\" tabindex=\"-1\" >\n\t\t\t<div class=\"elementor-post__thumbnail\"><img loading=\"lazy\" decoding=\"async\" width=\"300\" height=\"191\" src=\"https:\/\/funpadem.org\/wp-content\/uploads\/2022\/02\/CuadenilloN1-300x191.jpeg\" class=\"attachment-medium size-medium wp-image-9752\" alt=\"\" srcset=\"https:\/\/funpadem.org\/wp-content\/uploads\/2022\/02\/CuadenilloN1-300x191.jpeg 300w, https:\/\/funpadem.org\/wp-content\/uploads\/2022\/02\/CuadenilloN1-1024x650.jpeg 1024w, https:\/\/funpadem.org\/wp-content\/uploads\/2022\/02\/CuadenilloN1-768x488.jpeg 768w, https:\/\/funpadem.org\/wp-content\/uploads\/2022\/02\/CuadenilloN1-990x629.jpeg 990w, https:\/\/funpadem.org\/wp-content\/uploads\/2022\/02\/CuadenilloN1-441x280.jpeg 441w, https:\/\/funpadem.org\/wp-content\/uploads\/2022\/02\/CuadenilloN1-600x381.jpeg 600w, https:\/\/funpadem.org\/wp-content\/uploads\/2022\/02\/CuadenilloN1-150x95.jpeg 150w, https:\/\/funpadem.org\/wp-content\/uploads\/2022\/02\/CuadenilloN1.jpeg 1280w\" sizes=\"(max-width: 300px) 100vw, 300px\" \/><\/div>\n\t\t<\/a>\n\t\t\t\t<div class=\"elementor-post__text\">\n\t\t\t\t<h3 class=\"elementor-post__title\">\n\t\t\t<a href=\"https:\/\/funpadem.org\/index.php\/2014\/10\/01\/cuadernillofunpadem1\/\" >\n\t\t\t\t(2014) Cuadernillos de FUNPADEM (N\u00famero 1)\t\t\t<\/a>\n\t\t<\/h3>\n\t\t\t\t<div class=\"elementor-post__meta-data\">\n\t\t\t\t\t<span class=\"elementor-post-date\">\n\t\t\t1 octubre, 2014\t\t<\/span>\n\t\t\t\t<\/div>\n\t\t\t\t<div class=\"elementor-post__excerpt\">\n\t\t\t<p>Categor\u00eda: Centro de Pensamiento Cuadernillo N\u00famero 1 (2014) Los Cuadernillos de FUNPADEM se enmarcan en nuestro Centro de Pensamiento sobre la Paz y la Democracia<\/p>\n\t\t<\/div>\n\t\t\n\t\t<a class=\"elementor-post__read-more\" href=\"https:\/\/funpadem.org\/index.php\/2014\/10\/01\/cuadernillofunpadem1\/\" aria-label=\"M\u00e1s informaci\u00f3n sobre (2014) Cuadernillos de FUNPADEM (N\u00famero 1)\" tabindex=\"-1\" >\n\t\t\tVer M\u00e1s\t\t<\/a>\n\n\t\t\t\t<\/div>\n\t\t\t\t<\/article>\n\t\t\t\t<\/div>\n\t\t\n\t\t\t\t\t\t<\/div>\n\t\t\t\t<\/div>\n\t\t\t\t\t<\/div>\n\t\t<\/div>\n\t\t\t\t\t<\/div>\n\t\t<\/section>\n\t\t\t\t<\/div>\n\t\t","protected":false},"excerpt":{"rendered":"","protected":false},"author":2,"featured_media":0,"parent":0,"menu_order":0,"comment_status":"closed","ping_status":"closed","template":"elementor_header_footer","meta":{"_bbp_topic_count":0,"_bbp_reply_count":0,"_bbp_total_topic_count":0,"_bbp_total_reply_count":0,"_bbp_voice_count":0,"_bbp_anonymous_reply_count":0,"_bbp_topic_count_hidden":0,"_bbp_reply_count_hidden":0,"_bbp_forum_subforum_count":0,"footnotes":""},"class_list":["post-9470","page","type-page","status-publish","hentry"],"_links":{"self":[{"href":"https:\/\/funpadem.org\/index.php\/wp-json\/wp\/v2\/pages\/9470","targetHints":{"allow":["GET"]}}],"collection":[{"href":"https:\/\/funpadem.org\/index.php\/wp-json\/wp\/v2\/pages"}],"about":[{"href":"https:\/\/funpadem.org\/index.php\/wp-json\/wp\/v2\/types\/page"}],"author":[{"embeddable":true,"href":"https:\/\/funpadem.org\/index.php\/wp-json\/wp\/v2\/users\/2"}],"replies":[{"embeddable":true,"href":"https:\/\/funpadem.org\/index.php\/wp-json\/wp\/v2\/comments?post=9470"}],"version-history":[{"count":7,"href":"https:\/\/funpadem.org\/index.php\/wp-json\/wp\/v2\/pages\/9470\/revisions"}],"predecessor-version":[{"id":9555,"href":"https:\/\/funpadem.org\/index.php\/wp-json\/wp\/v2\/pages\/9470\/revisions\/9555"}],"wp:attachment":[{"href":"https:\/\/funpadem.org\/index.php\/wp-json\/wp\/v2\/media?parent=9470"}],"curies":[{"name":"wp","href":"https:\/\/api.w.org\/{rel}","templated":true}]}}