{"id":9648,"date":"2022-02-24T20:10:58","date_gmt":"2022-02-25T02:10:58","guid":{"rendered":"https:\/\/funpadem.org\/?page_id=9648"},"modified":"2022-02-24T20:12:38","modified_gmt":"2022-02-25T02:12:38","slug":"publicaciones-institucionales","status":"publish","type":"page","link":"https:\/\/funpadem.org\/index.php\/publicaciones-institucionales\/","title":{"rendered":"Publicaciones &#8211; Institucionales"},"content":{"rendered":"\t\t<div data-elementor-type=\"wp-page\" data-elementor-id=\"9648\" class=\"elementor elementor-9648\" data-elementor-post-type=\"page\">\n\t\t\t\t\t\t<section class=\"elementor-section elementor-top-section elementor-element elementor-element-ef5bf51 elementor-section-stretched elementor-section-boxed elementor-section-height-default elementor-section-height-default\" data-id=\"ef5bf51\" data-element_type=\"section\" data-settings=\"{&quot;stretch_section&quot;:&quot;section-stretched&quot;}\">\n\t\t\t\t\t\t<div class=\"elementor-container elementor-column-gap-default\">\n\t\t\t\t\t<div class=\"elementor-column elementor-col-100 elementor-top-column elementor-element elementor-element-2d61e4f\" data-id=\"2d61e4f\" data-element_type=\"column\">\n\t\t\t<div class=\"elementor-widget-wrap elementor-element-populated\">\n\t\t\t\t\t\t<div class=\"elementor-element elementor-element-5263351 elementor-widget elementor-widget-template\" data-id=\"5263351\" data-element_type=\"widget\" data-widget_type=\"template.default\">\n\t\t\t\t<div class=\"elementor-widget-container\">\n\t\t\t\t\t\t\t<div class=\"elementor-template\">\n\t\t\t\t\t<div data-elementor-type=\"page\" data-elementor-id=\"8585\" class=\"elementor elementor-8585\" data-elementor-post-type=\"elementor_library\">\n\t\t\t\t\t\t<section class=\"elementor-section elementor-top-section elementor-element elementor-element-712e00ef elementor-section-content-middle elementor-section-boxed elementor-section-height-default elementor-section-height-default\" data-id=\"712e00ef\" data-element_type=\"section\" data-settings=\"{&quot;background_background&quot;:&quot;classic&quot;}\">\n\t\t\t\t\t\t<div class=\"elementor-container elementor-column-gap-default\">\n\t\t\t\t\t<div class=\"elementor-column elementor-col-100 elementor-top-column elementor-element elementor-element-69f616de elementor-hidden-phone elementor-hidden-tablet\" data-id=\"69f616de\" data-element_type=\"column\">\n\t\t\t<div class=\"elementor-widget-wrap elementor-element-populated\">\n\t\t\t\t\t\t<div class=\"elementor-element elementor-element-d376eba elementor-widget elementor-widget-heading\" data-id=\"d376eba\" data-element_type=\"widget\" data-widget_type=\"heading.default\">\n\t\t\t\t<div class=\"elementor-widget-container\">\n\t\t\t\t\t<h2 class=\"elementor-heading-title elementor-size-default\">Publicaciones<\/h2>\t\t\t\t<\/div>\n\t\t\t\t<\/div>\n\t\t\t\t\t<\/div>\n\t\t<\/div>\n\t\t\t\t\t<\/div>\n\t\t<\/section>\n\t\t\t\t<section class=\"elementor-section elementor-top-section elementor-element elementor-element-6a83ab71 elementor-section-content-middle elementor-section-boxed elementor-section-height-default elementor-section-height-default\" data-id=\"6a83ab71\" data-element_type=\"section\">\n\t\t\t\t\t\t<div class=\"elementor-container elementor-column-gap-default\">\n\t\t\t\t\t<div class=\"elementor-column elementor-col-100 elementor-top-column elementor-element elementor-element-4a596652\" data-id=\"4a596652\" data-element_type=\"column\">\n\t\t\t<div class=\"elementor-widget-wrap elementor-element-populated\">\n\t\t\t\t\t\t<section class=\"elementor-section elementor-inner-section elementor-element elementor-element-401376e4 elementor-section-content-middle elementor-section-boxed elementor-section-height-default elementor-section-height-default\" data-id=\"401376e4\" data-element_type=\"section\" data-settings=\"{&quot;background_background&quot;:&quot;classic&quot;}\">\n\t\t\t\t\t\t<div class=\"elementor-container elementor-column-gap-default\">\n\t\t\t\t\t<div class=\"elementor-column elementor-col-100 elementor-inner-column elementor-element elementor-element-7743ff08\" data-id=\"7743ff08\" data-element_type=\"column\">\n\t\t\t<div class=\"elementor-widget-wrap elementor-element-populated\">\n\t\t\t\t\t\t<div class=\"elementor-element elementor-element-b35ce41 elementor-widget elementor-widget-ekit-nav-menu\" data-id=\"b35ce41\" data-element_type=\"widget\" data-widget_type=\"ekit-nav-menu.default\">\n\t\t\t\t<div class=\"elementor-widget-container\">\n\t\t\t\t\t\t\t<nav class=\"ekit-wid-con ekit_menu_responsive_tablet\" \n\t\t\tdata-hamburger-icon=\"icon icon-menu-11\" \n\t\t\tdata-hamburger-icon-type=\"icon\" \n\t\t\tdata-responsive-breakpoint=\"1024\">\n\t\t\t            <button class=\"elementskit-menu-hamburger elementskit-menu-toggler\"  type=\"button\" aria-label=\"hamburger-icon\">\n                <i aria-hidden=\"true\" class=\"ekit-menu-icon icon icon-menu-11\"><\/i>            <\/button>\n            <div id=\"ekit-megamenu-publicaciones\" class=\"elementskit-menu-container elementskit-menu-offcanvas-elements elementskit-navbar-nav-default ekit-nav-menu-one-page-no ekit-nav-dropdown-hover\"><ul id=\"menu-publicaciones\" class=\"elementskit-navbar-nav elementskit-menu-po-center submenu-click-on-icon\"><li id=\"menu-item-8588\" class=\"menu-item menu-item-type-custom menu-item-object-custom menu-item-8588 nav-item elementskit-mobile-builder-content\" data-vertical-menu=750px><a href=\"https:\/\/funpadem.org\/index.php\/publicaciones\/\" class=\"ekit-menu-nav-link\">Todas las Publicaciones<\/a><\/li>\n<li id=\"menu-item-9654\" class=\"menu-item menu-item-type-post_type menu-item-object-page menu-item-9654 nav-item elementskit-mobile-builder-content\" data-vertical-menu=750px><a href=\"https:\/\/funpadem.org\/index.php\/publicaciones-institucionales\/\" class=\"ekit-menu-nav-link\">Institucionales<div class=\"icon-wrapper\"> <\/div><\/a><\/li>\n<li id=\"menu-item-9628\" class=\"menu-item menu-item-type-custom menu-item-object-custom menu-item-has-children menu-item-9628 nav-item elementskit-dropdown-has relative_position elementskit-dropdown-menu-default_width elementskit-mobile-builder-content\" data-vertical-menu=750px><a href=\"#\" class=\"ekit-menu-nav-link ekit-menu-dropdown-toggle\">Tem\u00e1tica<i aria-hidden=\"true\" class=\"icon icon-down-arrow1 elementskit-submenu-indicator\"><\/i><\/a>\n<ul class=\"elementskit-dropdown elementskit-submenu-panel\">\n\t<li id=\"menu-item-9629\" class=\"menu-item menu-item-type-post_type menu-item-object-page menu-item-9629 nav-item elementskit-mobile-builder-content\" data-vertical-menu=750px><a href=\"https:\/\/funpadem.org\/index.php\/publicacionesseguridadyprevencion\/\" class=\" dropdown-item\">Seguridad y prevenci\u00f3n de la violencia<div class=\"icon-wrapper\"> <\/div><\/a>\t<li id=\"menu-item-9661\" class=\"menu-item menu-item-type-post_type menu-item-object-page menu-item-9661 nav-item elementskit-mobile-builder-content\" data-vertical-menu=750px><a href=\"https:\/\/funpadem.org\/index.php\/publicaciones-gobernanza-democratica\/\" class=\" dropdown-item\">Gobernanza Democr\u00e1tica<div class=\"icon-wrapper\"> <\/div><\/a>\t<li id=\"menu-item-9684\" class=\"menu-item menu-item-type-post_type menu-item-object-page menu-item-9684 nav-item elementskit-mobile-builder-content\" data-vertical-menu=750px><a href=\"https:\/\/funpadem.org\/index.php\/publicaciones-cumplimiento-laboral\/\" class=\" dropdown-item\">Justicia y Cumplimiento Laboral<div class=\"icon-wrapper\"> <\/div><\/a><\/ul>\n<\/li>\n<li id=\"menu-item-9647\" class=\"menu-item menu-item-type-custom menu-item-object-custom menu-item-has-children menu-item-9647 nav-item elementskit-dropdown-has relative_position elementskit-dropdown-menu-default_width elementskit-mobile-builder-content\" data-vertical-menu=750px><a href=\"#\" class=\"ekit-menu-nav-link ekit-menu-dropdown-toggle\">Tem\u00e1tica especializada<i aria-hidden=\"true\" class=\"icon icon-down-arrow1 elementskit-submenu-indicator\"><\/i><\/a>\n<ul class=\"elementskit-dropdown elementskit-submenu-panel\">\n\t<li id=\"menu-item-9646\" class=\"menu-item menu-item-type-post_type menu-item-object-page menu-item-9646 nav-item elementskit-mobile-builder-content\" data-vertical-menu=750px><a href=\"https:\/\/funpadem.org\/index.php\/publicaciones-migracion\/\" class=\" dropdown-item\">Migraci\u00f3n<div class=\"icon-wrapper\"> <\/div><\/a><\/ul>\n<\/li>\n<\/ul><div class=\"elementskit-nav-identity-panel\"><a class=\"elementskit-nav-logo\" href=\"https:\/\/funpadem.org\" target=\"\" rel=\"\"><img src=\"https:\/\/funpadem.org\/wp-content\/uploads\/2021\/09\/logo-black@2x.png\" title=\"logo-black@2x.png\" alt=\"logo-black@2x.png\" decoding=\"async\" \/><\/a><button class=\"elementskit-menu-close elementskit-menu-toggler\" type=\"button\">X<\/button><\/div><\/div>\t\t\t\n\t\t\t<div class=\"elementskit-menu-overlay elementskit-menu-offcanvas-elements elementskit-menu-toggler ekit-nav-menu--overlay\"><\/div>        <\/nav>\n\t\t\t\t\t\t<\/div>\n\t\t\t\t<\/div>\n\t\t\t\t\t<\/div>\n\t\t<\/div>\n\t\t\t\t\t<\/div>\n\t\t<\/section>\n\t\t\t\t\t<\/div>\n\t\t<\/div>\n\t\t\t\t\t<\/div>\n\t\t<\/section>\n\t\t\t\t<\/div>\n\t\t\t\t<\/div>\n\t\t\t\t\t\t<\/div>\n\t\t\t\t<\/div>\n\t\t\t\t\t<\/div>\n\t\t<\/div>\n\t\t\t\t\t<\/div>\n\t\t<\/section>\n\t\t\t\t<section class=\"elementor-section elementor-top-section elementor-element elementor-element-88f21e3 elementor-section-stretched elementor-section-boxed elementor-section-height-default elementor-section-height-default\" data-id=\"88f21e3\" data-element_type=\"section\" data-settings=\"{&quot;stretch_section&quot;:&quot;section-stretched&quot;}\">\n\t\t\t\t\t\t<div class=\"elementor-container elementor-column-gap-default\">\n\t\t\t\t\t<div class=\"elementor-column elementor-col-100 elementor-top-column elementor-element elementor-element-c2d33d4\" data-id=\"c2d33d4\" data-element_type=\"column\">\n\t\t\t<div class=\"elementor-widget-wrap elementor-element-populated\">\n\t\t\t\t\t\t<div class=\"elementor-element elementor-element-c63cd5b elementor-grid-3 elementor-grid-tablet-2 elementor-grid-mobile-1 elementor-posts--thumbnail-top elementor-widget elementor-widget-posts\" data-id=\"c63cd5b\" data-element_type=\"widget\" data-settings=\"{&quot;pagination_type&quot;:&quot;numbers_and_prev_next&quot;,&quot;classic_columns&quot;:&quot;3&quot;,&quot;classic_columns_tablet&quot;:&quot;2&quot;,&quot;classic_columns_mobile&quot;:&quot;1&quot;,&quot;classic_row_gap&quot;:{&quot;unit&quot;:&quot;px&quot;,&quot;size&quot;:35,&quot;sizes&quot;:[]},&quot;classic_row_gap_tablet&quot;:{&quot;unit&quot;:&quot;px&quot;,&quot;size&quot;:&quot;&quot;,&quot;sizes&quot;:[]},&quot;classic_row_gap_mobile&quot;:{&quot;unit&quot;:&quot;px&quot;,&quot;size&quot;:&quot;&quot;,&quot;sizes&quot;:[]}}\" data-widget_type=\"posts.classic\">\n\t\t\t\t<div class=\"elementor-widget-container\">\n\t\t\t\t\t\t\t<div class=\"elementor-posts-container elementor-posts elementor-posts--skin-classic elementor-grid\" role=\"list\">\n\t\t\t\t<article class=\"elementor-post elementor-grid-item post-9545 post type-post status-publish format-standard has-post-thumbnail hentry category-cuadernillos category-institucional-funpadem\" role=\"listitem\">\n\t\t\t\t<a class=\"elementor-post__thumbnail__link\" href=\"https:\/\/funpadem.org\/index.php\/2022\/02\/24\/normaspublicacioncuadernillos\/\" tabindex=\"-1\" >\n\t\t\t<div class=\"elementor-post__thumbnail\"><img fetchpriority=\"high\" decoding=\"async\" width=\"300\" height=\"191\" src=\"https:\/\/funpadem.org\/wp-content\/uploads\/2022\/02\/CuadernilloNormas-300x191.jpeg\" class=\"attachment-medium size-medium wp-image-9778\" alt=\"\" srcset=\"https:\/\/funpadem.org\/wp-content\/uploads\/2022\/02\/CuadernilloNormas-300x191.jpeg 300w, https:\/\/funpadem.org\/wp-content\/uploads\/2022\/02\/CuadernilloNormas-1024x650.jpeg 1024w, https:\/\/funpadem.org\/wp-content\/uploads\/2022\/02\/CuadernilloNormas-768x488.jpeg 768w, https:\/\/funpadem.org\/wp-content\/uploads\/2022\/02\/CuadernilloNormas-990x629.jpeg 990w, https:\/\/funpadem.org\/wp-content\/uploads\/2022\/02\/CuadernilloNormas-441x280.jpeg 441w, https:\/\/funpadem.org\/wp-content\/uploads\/2022\/02\/CuadernilloNormas-600x381.jpeg 600w, https:\/\/funpadem.org\/wp-content\/uploads\/2022\/02\/CuadernilloNormas-150x95.jpeg 150w, https:\/\/funpadem.org\/wp-content\/uploads\/2022\/02\/CuadernilloNormas.jpeg 1280w\" sizes=\"(max-width: 300px) 100vw, 300px\" \/><\/div>\n\t\t<\/a>\n\t\t\t\t<div class=\"elementor-post__text\">\n\t\t\t\t<h3 class=\"elementor-post__title\">\n\t\t\t<a href=\"https:\/\/funpadem.org\/index.php\/2022\/02\/24\/normaspublicacioncuadernillos\/\" >\n\t\t\t\t(2015) Normas de publicaci\u00f3n para Cuadernillos FUNPADEM\t\t\t<\/a>\n\t\t<\/h3>\n\t\t\t\t<div class=\"elementor-post__meta-data\">\n\t\t\t\t\t<span class=\"elementor-post-date\">\n\t\t\t24 febrero, 2022\t\t<\/span>\n\t\t\t\t<\/div>\n\t\t\t\t<div class=\"elementor-post__excerpt\">\n\t\t\t<p>Categor\u00eda: Centro de Pensamiento Normas de publicaci\u00f3n (2015) Los Cuadernillos de FUNPADEM se enmarcan en nuestro Centro de Pensamiento sobre la Paz y la Democracia<\/p>\n\t\t<\/div>\n\t\t\n\t\t<a class=\"elementor-post__read-more\" href=\"https:\/\/funpadem.org\/index.php\/2022\/02\/24\/normaspublicacioncuadernillos\/\" aria-label=\"M\u00e1s informaci\u00f3n sobre (2015) Normas de publicaci\u00f3n para Cuadernillos FUNPADEM\" tabindex=\"-1\" >\n\t\t\tVer M\u00e1s\t\t<\/a>\n\n\t\t\t\t<\/div>\n\t\t\t\t<\/article>\n\t\t\t\t<article class=\"elementor-post elementor-grid-item post-9249 post type-post status-publish format-standard hentry category-institucional-funpadem category-publicaciones\" role=\"listitem\">\n\t\t\t\t<div class=\"elementor-post__text\">\n\t\t\t\t<h3 class=\"elementor-post__title\">\n\t\t\t<a href=\"https:\/\/funpadem.org\/index.php\/2022\/02\/18\/2022-cartera-funpadem\/\" >\n\t\t\t\t(2022) Cartera de proyectos: Proyectos ejecutados y en ejecuci\u00f3n (1996-2022)\t\t\t<\/a>\n\t\t<\/h3>\n\t\t\t\t<div class=\"elementor-post__meta-data\">\n\t\t\t\t\t<span class=\"elementor-post-date\">\n\t\t\t18 febrero, 2022\t\t<\/span>\n\t\t\t\t<\/div>\n\t\t\t\t<div class=\"elementor-post__excerpt\">\n\t\t\t<p>Categor\u00eda: FUNPADEM (2022)\u00a0 Proyectos ejecutados y en ejecuci\u00f3n (1996-2022) La Fundaci\u00f3n para la Paz y la Democracia (FUNPADEM) es una organizaci\u00f3n no gubernamental, sin fines<\/p>\n\t\t<\/div>\n\t\t\n\t\t<a class=\"elementor-post__read-more\" href=\"https:\/\/funpadem.org\/index.php\/2022\/02\/18\/2022-cartera-funpadem\/\" aria-label=\"M\u00e1s informaci\u00f3n sobre (2022) Cartera de proyectos: Proyectos ejecutados y en ejecuci\u00f3n (1996-2022)\" tabindex=\"-1\" >\n\t\t\tVer M\u00e1s\t\t<\/a>\n\n\t\t\t\t<\/div>\n\t\t\t\t<\/article>\n\t\t\t\t<\/div>\n\t\t\n\t\t\t\t\t\t<\/div>\n\t\t\t\t<\/div>\n\t\t\t\t\t<\/div>\n\t\t<\/div>\n\t\t\t\t\t<\/div>\n\t\t<\/section>\n\t\t\t\t<\/div>\n\t\t","protected":false},"excerpt":{"rendered":"","protected":false},"author":2,"featured_media":0,"parent":0,"menu_order":0,"comment_status":"closed","ping_status":"closed","template":"elementor_header_footer","meta":{"_bbp_topic_count":0,"_bbp_reply_count":0,"_bbp_total_topic_count":0,"_bbp_total_reply_count":0,"_bbp_voice_count":0,"_bbp_anonymous_reply_count":0,"_bbp_topic_count_hidden":0,"_bbp_reply_count_hidden":0,"_bbp_forum_subforum_count":0,"footnotes":""},"class_list":["post-9648","page","type-page","status-publish","hentry"],"_links":{"self":[{"href":"https:\/\/funpadem.org\/index.php\/wp-json\/wp\/v2\/pages\/9648","targetHints":{"allow":["GET"]}}],"collection":[{"href":"https:\/\/funpadem.org\/index.php\/wp-json\/wp\/v2\/pages"}],"about":[{"href":"https:\/\/funpadem.org\/index.php\/wp-json\/wp\/v2\/types\/page"}],"author":[{"embeddable":true,"href":"https:\/\/funpadem.org\/index.php\/wp-json\/wp\/v2\/users\/2"}],"replies":[{"embeddable":true,"href":"https:\/\/funpadem.org\/index.php\/wp-json\/wp\/v2\/comments?post=9648"}],"version-history":[{"count":5,"href":"https:\/\/funpadem.org\/index.php\/wp-json\/wp\/v2\/pages\/9648\/revisions"}],"predecessor-version":[{"id":9653,"href":"https:\/\/funpadem.org\/index.php\/wp-json\/wp\/v2\/pages\/9648\/revisions\/9653"}],"wp:attachment":[{"href":"https:\/\/funpadem.org\/index.php\/wp-json\/wp\/v2\/media?parent=9648"}],"curies":[{"name":"wp","href":"https:\/\/api.w.org\/{rel}","templated":true}]}}